{"id":12,"date":"2024-10-08T21:44:43","date_gmt":"2024-10-08T21:44:43","guid":{"rendered":"https:\/\/ahmetbaltaci.net.tr\/devlet\/index.php\/shop\/"},"modified":"2026-02-16T08:59:16","modified_gmt":"2026-02-16T08:59:16","slug":"bagis","status":"publish","type":"page","link":"https:\/\/devletialiyye.org.tr\/en_us\/bagis\/","title":{"rendered":"Ba\u011f\u0131\u015f"},"content":{"rendered":"\t\t<div data-elementor-type=\"wp-page\" data-elementor-id=\"12\" class=\"elementor elementor-12\">\n\t\t\t\t\t\t<section class=\"elementor-section elementor-top-section elementor-element elementor-element-8529a5a elementor-section-boxed elementor-section-height-default elementor-section-height-default\" data-id=\"8529a5a\" data-element_type=\"section\" data-e-type=\"section\">\n\t\t\t\t\t\t<div class=\"elementor-container elementor-column-gap-default\">\n\t\t\t\t\t<div class=\"elementor-column elementor-col-100 elementor-top-column elementor-element elementor-element-6ff6548\" data-id=\"6ff6548\" data-element_type=\"column\" data-e-type=\"column\">\n\t\t\t<div class=\"elementor-widget-wrap elementor-element-populated\">\n\t\t\t\t\t\t<div class=\"elementor-element elementor-element-c55dc16 elementor-widget elementor-widget-shortcode\" data-id=\"c55dc16\" data-element_type=\"widget\" data-e-type=\"widget\" data-widget_type=\"shortcode.default\">\n\t\t\t\t<div class=\"elementor-widget-container\">\n\t\t\t\t\t\t\t<div class=\"elementor-shortcode\"><div class=\"woocommerce columns-3 \"><ul class=\"products columns-3\">\n <li class=\"product_wrapper product type-product post-7689 status-publish first instock product_cat-genel has-post-thumbnail shipping-taxable purchasable product-type-variable\">\n <div class=\"product_card-one\">\n<div class=\"sketch-loading\"><\/div>\n <div class=\"product-img-action-wrap\"> \n <a href=\"https:\/\/devletialiyye.org.tr\/en_us\/urun\/vacip-kurbani\/\">\n <img fetchpriority=\"high\" decoding=\"async\" width=\"1600\" height=\"1600\" src=\"https:\/\/devletialiyye.org.tr\/wp-content\/uploads\/2026\/04\/WhatsApp-Image-2026-04-08-at-21.20.47.jpeg\" class=\"attachment-default-img size-default-img\" alt=\"1-Vacip Kurban\u0131\" \/> <\/a>\n <div class=\"badge_box\">\n <\/div>\n <\/div>\n <div class=\"content-wrap\"> \n \n <div class=\"title_20\"><a href=\"https:\/\/devletialiyye.org.tr\/en_us\/urun\/vacip-kurbani\/\">1-Vacip Kurban\u0131<\/a><\/div>\n <div class=\"d-flex align-tems-center\">\n <div class=\"product-price\">\n \n\t<span class=\"price\"><span class=\"woocommerce-Price-amount amount\"><bdi>5,000.00&nbsp;<span class=\"woocommerce-Price-currencySymbol\">&#8378;<\/span><\/bdi><\/span> &ndash; <span class=\"woocommerce-Price-amount amount\"><bdi>35,000.00&nbsp;<span class=\"woocommerce-Price-currencySymbol\">&#8378;<\/span><\/bdi><\/span><\/span>\n <\/div> \n <\/div>\n \n <\/div>\n<\/div>\n <\/li>\n <li class=\"product_wrapper product type-product post-6287 status-publish instock product_cat-genel has-post-thumbnail shipping-taxable purchasable product-type-variable has-default-attributes\">\n <div class=\"product_card-one\">\n<div class=\"sketch-loading\"><\/div>\n <div class=\"product-img-action-wrap\"> \n <a href=\"https:\/\/devletialiyye.org.tr\/en_us\/urun\/adak-kurbani\/\">\n <img decoding=\"async\" width=\"1860\" height=\"1860\" src=\"https:\/\/devletialiyye.org.tr\/wp-content\/uploads\/2024\/10\/YURT-DISI-VACIP-KURBAN.jpg\" class=\"attachment-default-img size-default-img\" alt=\"Adak Kurban\u0131\" \/> <\/a>\n <div class=\"badge_box\">\n <\/div>\n <\/div>\n <div class=\"content-wrap\"> \n \n <div class=\"title_20\"><a href=\"https:\/\/devletialiyye.org.tr\/en_us\/urun\/adak-kurbani\/\">Adak Kurban\u0131<\/a><\/div>\n <div class=\"d-flex align-tems-center\">\n <div class=\"product-price\">\n \n\t<span class=\"price\"><span class=\"woocommerce-Price-amount amount\"><bdi>5,500.00&nbsp;<span class=\"woocommerce-Price-currencySymbol\">&#8378;<\/span><\/bdi><\/span> &ndash; <span class=\"woocommerce-Price-amount amount\"><bdi>6,000.00&nbsp;<span class=\"woocommerce-Price-currencySymbol\">&#8378;<\/span><\/bdi><\/span><\/span>\n <\/div> \n <\/div>\n \n <\/div>\n<\/div>\n <\/li>\n <li class=\"product_wrapper product type-product post-6292 status-publish last instock product_cat-genel has-post-thumbnail shipping-taxable purchasable product-type-variable has-default-attributes\">\n <div class=\"product_card-one\">\n<div class=\"sketch-loading\"><\/div>\n <div class=\"product-img-action-wrap\"> \n <a href=\"https:\/\/devletialiyye.org.tr\/en_us\/urun\/akika-kurbani\/\">\n <img decoding=\"async\" width=\"1860\" height=\"1860\" src=\"https:\/\/devletialiyye.org.tr\/wp-content\/uploads\/2024\/10\/YURT-DISI-VACIP-KURBAN.jpg\" class=\"attachment-default-img size-default-img\" alt=\"Akika Kurban\u0131\" \/> <\/a>\n <div class=\"badge_box\">\n <\/div>\n <\/div>\n <div class=\"content-wrap\"> \n \n <div class=\"title_20\"><a href=\"https:\/\/devletialiyye.org.tr\/en_us\/urun\/akika-kurbani\/\">Akika Kurban\u0131<\/a><\/div>\n <div class=\"d-flex align-tems-center\">\n <div class=\"product-price\">\n \n\t<span class=\"price\"><span class=\"woocommerce-Price-amount amount\"><bdi>5,500.00&nbsp;<span class=\"woocommerce-Price-currencySymbol\">&#8378;<\/span><\/bdi><\/span> &ndash; <span class=\"woocommerce-Price-amount amount\"><bdi>6,000.00&nbsp;<span class=\"woocommerce-Price-currencySymbol\">&#8378;<\/span><\/bdi><\/span><\/span>\n <\/div> \n <\/div>\n \n <\/div>\n<\/div>\n <\/li>\n <li class=\"product_wrapper product type-product post-7264 status-publish first instock product_cat-genel has-post-thumbnail shipping-taxable purchasable product-type-simple\">\n <div class=\"product_card-one\">\n<div class=\"sketch-loading\"><\/div>\n <div class=\"product-img-action-wrap\"> \n <a href=\"https:\/\/devletialiyye.org.tr\/en_us\/urun\/10-fidan-bagisi\/\">\n <img loading=\"lazy\" decoding=\"async\" width=\"1563\" height=\"1563\" src=\"https:\/\/devletialiyye.org.tr\/wp-content\/uploads\/2025\/11\/WhatsApp-Gorsel-2025-11-09-saat-20.51.49_9a9ed5ed.jpg\" class=\"attachment-default-img size-default-img\" alt=\"Fidan Ba\u011f\u0131\u015f\u0131\" \/> <\/a>\n <div class=\"badge_box\">\n <\/div>\n <\/div>\n <div class=\"content-wrap\"> \n \n <div class=\"title_20\"><a href=\"https:\/\/devletialiyye.org.tr\/en_us\/urun\/10-fidan-bagisi\/\">Fidan Ba\u011f\u0131\u015f\u0131<\/a><\/div>\n <div class=\"d-flex align-tems-center\">\n <div class=\"product-price\">\n \n\t<span class=\"price\"><span class=\"woocommerce-Price-amount amount\"><bdi>100.00&nbsp;<span class=\"woocommerce-Price-currencySymbol\">&#8378;<\/span><\/bdi><\/span><\/span>\n <\/div> \n <\/div>\n \n <\/div>\n<\/div>\n <\/li>\n <li class=\"product_wrapper product type-product post-7243 status-publish instock product_cat-genel has-post-thumbnail shipping-taxable product-type-simple\">\n <div class=\"product_card-one\">\n<div class=\"sketch-loading\"><\/div>\n <div class=\"product-img-action-wrap\"> \n <a href=\"https:\/\/devletialiyye.org.tr\/en_us\/urun\/gazze-acil-yardim\/\">\n <img loading=\"lazy\" decoding=\"async\" width=\"1563\" height=\"1563\" src=\"https:\/\/devletialiyye.org.tr\/wp-content\/uploads\/2025\/11\/WhatsApp-Gorsel-2025-11-11-saat-12.50.01_902a329c.jpg\" class=\"attachment-default-img size-default-img\" alt=\"Gazze Acil Yard\u0131m\" \/> <\/a>\n <div class=\"badge_box\">\n <\/div>\n <\/div>\n <div class=\"content-wrap\"> \n \n <div class=\"title_20\"><a href=\"https:\/\/devletialiyye.org.tr\/en_us\/urun\/gazze-acil-yardim\/\">Gazze Acil Yard\u0131m<\/a><\/div>\n <div class=\"d-flex align-tems-center\">\n <div class=\"product-price\">\n \n <\/div> \n <\/div>\n \n <\/div>\n<\/div>\n <\/li>\n <li class=\"product_wrapper product type-product post-6716 status-publish last instock product_cat-genel has-post-thumbnail shipping-taxable product-type-simple\">\n <div class=\"product_card-one\">\n<div class=\"sketch-loading\"><\/div>\n <div class=\"product-img-action-wrap\"> \n <a href=\"https:\/\/devletialiyye.org.tr\/en_us\/urun\/hamidiye-kulliyesi\/\">\n <img loading=\"lazy\" decoding=\"async\" width=\"1563\" height=\"1563\" src=\"https:\/\/devletialiyye.org.tr\/wp-content\/uploads\/2025\/01\/WhatsApp-Gorsel-2025-11-11-saat-12.50.01_7aa17936.jpg\" class=\"attachment-default-img size-default-img\" alt=\"Hamidiye K\u00fclliyesi\" \/> <\/a>\n <div class=\"badge_box\">\n <\/div>\n <\/div>\n <div class=\"content-wrap\"> \n \n <div class=\"title_20\"><a href=\"https:\/\/devletialiyye.org.tr\/en_us\/urun\/hamidiye-kulliyesi\/\">Hamidiye K\u00fclliyesi<\/a><\/div>\n <div class=\"d-flex align-tems-center\">\n <div class=\"product-price\">\n \n <\/div> \n <\/div>\n \n <\/div>\n<\/div>\n <\/li>\n <li class=\"product_wrapper product type-product post-7453 status-publish first instock product_cat-genel has-post-thumbnail shipping-taxable product-type-simple\">\n <div class=\"product_card-one\">\n<div class=\"sketch-loading\"><\/div>\n <div class=\"product-img-action-wrap\"> \n <a href=\"https:\/\/devletialiyye.org.tr\/en_us\/urun\/kalici-bir-hayir-su-kuyusu\/\">\n <img loading=\"lazy\" decoding=\"async\" width=\"700\" height=\"700\" src=\"https:\/\/devletialiyye.org.tr\/wp-content\/uploads\/2025\/02\/111.jpg\" class=\"attachment-default-img size-default-img\" alt=\"Kal\u0131c\u0131 Bir Hay\u0131r : Su Kuyusu\" \/> <\/a>\n <div class=\"badge_box\">\n <\/div>\n <\/div>\n <div class=\"content-wrap\"> \n \n <div class=\"title_20\"><a href=\"https:\/\/devletialiyye.org.tr\/en_us\/urun\/kalici-bir-hayir-su-kuyusu\/\">Kal\u0131c\u0131 Bir Hay\u0131r : Su Kuyusu<\/a><\/div>\n <div class=\"d-flex align-tems-center\">\n <div class=\"product-price\">\n \n <\/div> \n <\/div>\n \n <\/div>\n<\/div>\n <\/li>\n <li class=\"product_wrapper product type-product post-6326 status-publish instock product_cat-genel has-post-thumbnail shipping-taxable purchasable product-type-simple\">\n <div class=\"product_card-one\">\n<div class=\"sketch-loading\"><\/div>\n <div class=\"product-img-action-wrap\"> \n <a href=\"https:\/\/devletialiyye.org.tr\/en_us\/urun\/kuran-i-kerim-hediyesi\/\">\n <img loading=\"lazy\" decoding=\"async\" width=\"300\" height=\"300\" src=\"https:\/\/devletialiyye.org.tr\/wp-content\/uploads\/2024\/10\/kuran-i-kerim-ve-ozellikleri-173989-300x300-1.jpg\" class=\"attachment-default-img size-default-img\" alt=\"Kur&#039;an-\u0131 Kerim Hediyesi\" \/> <\/a>\n <div class=\"badge_box\">\n <\/div>\n <\/div>\n <div class=\"content-wrap\"> \n \n <div class=\"title_20\"><a href=\"https:\/\/devletialiyye.org.tr\/en_us\/urun\/kuran-i-kerim-hediyesi\/\">Kur&#8217;an-\u0131 Kerim Hediyesi<\/a><\/div>\n <div class=\"d-flex align-tems-center\">\n <div class=\"product-price\">\n \n\t<span class=\"price\"><span class=\"woocommerce-Price-amount amount\"><bdi>300.00&nbsp;<span class=\"woocommerce-Price-currencySymbol\">&#8378;<\/span><\/bdi><\/span><\/span>\n <\/div> \n <\/div>\n \n <\/div>\n<\/div>\n <\/li>\n <li class=\"product_wrapper product type-product post-6989 status-publish last instock product_cat-genel has-post-thumbnail shipping-taxable purchasable product-type-variable has-default-attributes\">\n <div class=\"product_card-one\">\n<div class=\"sketch-loading\"><\/div>\n <div class=\"product-img-action-wrap\"> \n <a href=\"https:\/\/devletialiyye.org.tr\/en_us\/urun\/sadaka-kurbani\/\">\n <img loading=\"lazy\" decoding=\"async\" width=\"1860\" height=\"1860\" src=\"https:\/\/devletialiyye.org.tr\/wp-content\/uploads\/2024\/10\/YURT-DISI-VACIP-KURBAN.jpg\" class=\"attachment-default-img size-default-img\" alt=\"Sadaka Kurban\u0131\" \/> <\/a>\n <div class=\"badge_box\">\n <\/div>\n <\/div>\n <div class=\"content-wrap\"> \n \n <div class=\"title_20\"><a href=\"https:\/\/devletialiyye.org.tr\/en_us\/urun\/sadaka-kurbani\/\">Sadaka Kurban\u0131<\/a><\/div>\n <div class=\"d-flex align-tems-center\">\n <div class=\"product-price\">\n \n\t<span class=\"price\"><span class=\"woocommerce-Price-amount amount\"><bdi>5,500.00&nbsp;<span class=\"woocommerce-Price-currencySymbol\">&#8378;<\/span><\/bdi><\/span> &ndash; <span class=\"woocommerce-Price-amount amount\"><bdi>6,000.00&nbsp;<span class=\"woocommerce-Price-currencySymbol\">&#8378;<\/span><\/bdi><\/span><\/span>\n <\/div> \n <\/div>\n \n <\/div>\n<\/div>\n <\/li>\n <li class=\"product_wrapper product type-product post-6298 status-publish first instock product_cat-genel has-post-thumbnail shipping-taxable purchasable product-type-variable has-default-attributes\">\n <div class=\"product_card-one\">\n<div class=\"sketch-loading\"><\/div>\n <div class=\"product-img-action-wrap\"> \n <a href=\"https:\/\/devletialiyye.org.tr\/en_us\/urun\/sukur-kurbani\/\">\n <img loading=\"lazy\" decoding=\"async\" width=\"1860\" height=\"1860\" src=\"https:\/\/devletialiyye.org.tr\/wp-content\/uploads\/2024\/10\/YURT-DISI-VACIP-KURBAN.jpg\" class=\"attachment-default-img size-default-img\" alt=\"\u015e\u00fck\u00fcr Kurban\u0131\" \/> <\/a>\n <div class=\"badge_box\">\n <\/div>\n <\/div>\n <div class=\"content-wrap\"> \n \n <div class=\"title_20\"><a href=\"https:\/\/devletialiyye.org.tr\/en_us\/urun\/sukur-kurbani\/\">\u015e\u00fck\u00fcr Kurban\u0131<\/a><\/div>\n <div class=\"d-flex align-tems-center\">\n <div class=\"product-price\">\n \n\t<span class=\"price\"><span class=\"woocommerce-Price-amount amount\"><bdi>5,500.00&nbsp;<span class=\"woocommerce-Price-currencySymbol\">&#8378;<\/span><\/bdi><\/span> &ndash; <span class=\"woocommerce-Price-amount amount\"><bdi>6,000.00&nbsp;<span class=\"woocommerce-Price-currencySymbol\">&#8378;<\/span><\/bdi><\/span><\/span>\n <\/div> \n <\/div>\n \n <\/div>\n<\/div>\n <\/li>\n<\/ul>\n<\/div><\/div>\n\t\t\t\t\t\t<\/div>\n\t\t\t\t<\/div>\n\t\t\t\t\t<\/div>\n\t\t<\/div>\n\t\t\t\t\t<\/div>\n\t\t<\/section>\n\t\t\t\t<\/div>\n\t\t","protected":false},"excerpt":{"rendered":"","protected":false},"author":1,"featured_media":0,"parent":0,"menu_order":0,"comment_status":"closed","ping_status":"closed","template":"","meta":{"footnotes":""},"class_list":["post-12","page","type-page","status-publish","hentry"],"_links":{"self":[{"href":"https:\/\/devletialiyye.org.tr\/en_us\/wp-json\/wp\/v2\/pages\/12","targetHints":{"allow":["GET"]}}],"collection":[{"href":"https:\/\/devletialiyye.org.tr\/en_us\/wp-json\/wp\/v2\/pages"}],"about":[{"href":"https:\/\/devletialiyye.org.tr\/en_us\/wp-json\/wp\/v2\/types\/page"}],"author":[{"embeddable":true,"href":"https:\/\/devletialiyye.org.tr\/en_us\/wp-json\/wp\/v2\/users\/1"}],"replies":[{"embeddable":true,"href":"https:\/\/devletialiyye.org.tr\/en_us\/wp-json\/wp\/v2\/comments?post=12"}],"version-history":[{"count":4,"href":"https:\/\/devletialiyye.org.tr\/en_us\/wp-json\/wp\/v2\/pages\/12\/revisions"}],"predecessor-version":[{"id":7561,"href":"https:\/\/devletialiyye.org.tr\/en_us\/wp-json\/wp\/v2\/pages\/12\/revisions\/7561"}],"wp:attachment":[{"href":"https:\/\/devletialiyye.org.tr\/en_us\/wp-json\/wp\/v2\/media?parent=12"}],"curies":[{"name":"wp","href":"https:\/\/api.w.org\/{rel}","templated":true}]}}