{"id":2963,"date":"2024-01-19T07:14:18","date_gmt":"2024-01-19T07:14:18","guid":{"rendered":"https:\/\/themepanthers.com\/wp\/risehand\/el\/?page_id=2963"},"modified":"2024-12-31T18:09:26","modified_gmt":"2024-12-31T18:09:26","slug":"dernegimiz-hakkinda","status":"publish","type":"page","link":"https:\/\/devletialiyye.org.tr\/en_us\/dernegimiz-hakkinda\/","title":{"rendered":"Derne\u011fimiz Hakk\u0131nda"},"content":{"rendered":"\t\t<div data-elementor-type=\"wp-page\" data-elementor-id=\"2963\" class=\"elementor elementor-2963\">\n\t\t\t\t\t\t<section class=\"elementor-section elementor-top-section elementor-element elementor-element-d2325f3 elementor-section-boxed elementor-section-height-default elementor-section-height-default\" data-id=\"d2325f3\" data-element_type=\"section\" data-e-type=\"section\">\n\t\t\t\t\t\t<div class=\"elementor-container elementor-column-gap-default\">\n\t\t\t\t\t<div class=\"elementor-column elementor-col-50 elementor-top-column elementor-element elementor-element-c8bb680\" data-id=\"c8bb680\" data-element_type=\"column\" data-e-type=\"column\">\n\t\t\t<div class=\"elementor-widget-wrap elementor-element-populated\">\n\t\t\t\t\t\t<div class=\"elementor-element elementor-element-ddd8858 elementor-widget elementor-widget-risehand-image-box-v1\" data-id=\"ddd8858\" data-element_type=\"widget\" data-e-type=\"widget\" data-widget_type=\"risehand-image-box-v1.default\">\n\t\t\t\t<div class=\"elementor-widget-container\">\n\t\t\t\t\t <div class=\"image_box_one d_flex\">\r\n <div class=\"image one imagereveal \">\r\n <img decoding=\"async\" src=\"https:\/\/devletialiyye.org.tr\/wp-content\/uploads\/2023\/12\/10-min.jpeg\" class=\"img\" alt=\"image\" \/>\r\n <\/div>\r\n <div class=\"image two imagereveal \">\r\n <img decoding=\"async\" src=\"https:\/\/devletialiyye.org.tr\/wp-content\/uploads\/2024\/01\/port-4-1.jpg\" class=\"img\" alt=\"image\" \/>\r\n <\/div>\r\n <div class=\"image three\">\r\n <img decoding=\"async\" src=\"https:\/\/devletialiyye.org.tr\/wp-content\/uploads\/2024\/10\/beyazlogo.png\" class=\"img\" alt=\"image\" \/>\r\n <\/div>\r\n <\/div>\r\n \r\n\t\t\t\t<\/div>\n\t\t\t\t<\/div>\n\t\t\t\t\t<\/div>\n\t\t<\/div>\n\t\t\t\t<div class=\"elementor-column elementor-col-50 elementor-top-column elementor-element elementor-element-8b36053\" data-id=\"8b36053\" data-element_type=\"column\" data-e-type=\"column\">\n\t\t\t<div class=\"elementor-widget-wrap elementor-element-populated\">\n\t\t\t\t\t\t<div class=\"elementor-element elementor-element-fc848f5 elementor-widget elementor-widget-risehand-title-v1\" data-id=\"fc848f5\" data-element_type=\"widget\" data-e-type=\"widget\" data-widget_type=\"risehand-title-v1.default\">\n\t\t\t\t<div class=\"elementor-widget-container\">\n\t\t\t\t\t \r\n<div class=\"title_all_box style_one dark_color\">\r\n <div class=\"before_title pb_15 d_flex align-items-center\">\r\n <div class=\"icon_box\">\r\n <div class=\"icon\">\r\n <span class=\"risehand-002-healthcare\"><\/span>\r\n <\/div>\r\n <\/div>\r\n <div class=\"sub_title font_special\">\r\n \nDerne\u011fimiz Hakk\u0131nda <\/div>\r\n <\/div>\r\n <p class=\"desc_p\">\r\n Devlet-i Aliyye Ocaklar\u0131 Sultan II.Abd\u00fclhamid Han\u2019\u0131n En B\u00fcy\u00fcko\u011flu \u015eehzade Selim Efendinin o\u011flu \u015eehzade Abd\u00fclkerim Efendinin Torunu Osmanl\u0131 Hanedan (1924) S\u00fcrg\u00fcn\u00fcnden Sonra T\u00fcrkiye Cumhuriyeti Devletinde Do\u011fan \u0130lk \u015eehzade Abd\u00fclhamid Kay\u0131han Osmano\u011flu Taraf\u0131ndan Kurulmu\u015ftur.<br>\n\nResmi \u0130mparatorluk \u0130smi olarak Devlet-i Aliyye (B\u00fcy\u00fck Devlet) terkibini kullanan Osmanl\u0131 Ecdad\u0131m\u0131zdan Ald\u0131\u011f\u0131m\u0131z \u015euur ve K\u00fclt\u00fcr Miras\u0131 \u00dczerine Derne\u011fimizin \u0130smi Devlet-i Aliyye olarak ba\u015flamaktad\u0131r.<br>\n\nDevlet-i Aliyye\u2019nin h\u00fck\u00fcm s\u00fcrd\u00fc\u011f\u00fc faaliyet g\u00f6sterdi\u011fi t\u00fcm vatan topraklar\u0131 ve k\u00fclt\u00fcr co\u011frafyalar\u0131 Devlet-i Aliyye\u2019nin y\u0131k\u0131l\u0131\u015f\u0131 ile Kan , G\u00f6z Ya\u015f\u0131 ve \u00d6l\u00fcm Co\u011frafyalar\u0131 Halini Alm\u0131\u015flard\u0131r.<br>\n\nDerne\u011fimiz Bu Noktada Devlet-i Aliyye\u2019nin K\u00fclt\u00fcr Miras\u0131n\u0131 Y\u00fcklenerek Gerek Yurt \u0130\u00e7i Gerek Yurt D\u0131\u015f\u0131 Afrikadan Do\u011fu T\u00fcrkistan\u2019a Kud\u00fcs ve Filistinden Bosnaya Endonezyadan Afganistana Suriyeden Makedonya\u2019ya Ecdad Miras\u0131na Sahip \u00c7\u0131kma ve Mazlumlara Umut Olma \u015euuru ile \u00c7al\u0131\u015fmalar\u0131n\u0131 Yard\u0131m Faaliyetleri Sosyal Faaliyetler K\u00fclt\u00fcrel Faaliyetler Noktas\u0131nda Y\u00fcr\u00fctmektedir.<br>\n\nDerne\u011fimizin \u0130sminin devam\u0131nda Ocaklar\u0131 Terkibinin yer bulmas\u0131 Manas\u0131 bak\u0131m\u0131ndan \u0131s\u0131tma pi\u015firme anlam\u0131ndad\u0131r.\n\n <\/p>\r\n <\/div>\r\n\r\n\t\t\t\t<\/div>\n\t\t\t\t<\/div>\n\t\t\t\t\t<\/div>\n\t\t<\/div>\n\t\t\t\t\t<\/div>\n\t\t<\/section>\n\t\t\t\t<section class=\"elementor-section elementor-top-section elementor-element elementor-element-6b0751e elementor-section-boxed elementor-section-height-default elementor-section-height-default\" data-id=\"6b0751e\" data-element_type=\"section\" data-e-type=\"section\">\n\t\t\t\t\t\t<div class=\"elementor-container elementor-column-gap-default\">\n\t\t\t\t\t<div class=\"elementor-column elementor-col-100 elementor-top-column elementor-element elementor-element-b250fcd\" data-id=\"b250fcd\" data-element_type=\"column\" data-e-type=\"column\">\n\t\t\t<div class=\"elementor-widget-wrap elementor-element-populated\">\n\t\t\t\t\t\t<div class=\"elementor-element elementor-element-044898f elementor-widget elementor-widget-risehand-text-editor-v1\" data-id=\"044898f\" data-element_type=\"widget\" data-e-type=\"widget\" data-widget_type=\"risehand-text-editor-v1.default\">\n\t\t\t\t<div class=\"elementor-widget-container\">\n\t\t\t\t\t <div class=\"position-relative position_p_relative\">\r\n <p>Devlet-i Aliyye Ocaklar\u0131 Yurt i\u00e7i ve Yurt D\u0131\u015f\u0131 Yard\u0131m Faaliyetleri ile Ecdad Miras\u0131 Ata Yadigar\u0131 co\u011frafyalarda g\u00f6n\u00fclleri \u0131s\u0131t\u0131p B\u00fcy\u00fck Devletin hala Mazlumlara umut oldu\u011funu hat\u0131rlat\u0131rken<\/p><p>K\u00fclt\u00fcrel Faaliyetler ile \u2018\u2019Sahte kurtulu\u015f ve Kurtar\u0131c\u0131lardan Kurtar Ger\u00e7ek Kurtulu\u015f ve Kurtulu\u015flar\u0131 Nasip Et\u2019\u2019 Duas\u0131na Nail Oldu\u011fumuz Sultan Abd\u00fclhamid Han\u2019\u0131n Bizlere Kurtulu\u015f Olarak G\u00f6sterdi\u011fi Aziz Gen\u00e7lerimizi Dinine Milletine Ailesine Ecdad\u0131na K\u00fclt\u00fcr\u00fcne Sahip \u00c7\u0131kmas\u0131 Noktas\u0131nda Onlar\u0131n Pi\u015firilme S\u00fcrecinde Destek Olmak ve Bir Toplumun Gen\u00e7lerin Elinde Y\u00fckselecek Olmas\u0131 \u0130nanc\u0131n\u0131 Ta\u015f\u0131d\u0131\u011f\u0131m\u0131z Gayesidir.<\/p><p>Namus Davam\u0131z Olarak Bahsetti\u011fimiz Kud\u00fcs ve Filistin Davas\u0131 K\u0131ymetli Genel Ba\u015fkan\u0131m\u0131z \u015eehzade Abd\u00fclhamid Kay\u0131han Osmano\u011flu\u2019na Dedesi Sultan Abd\u00fclhamid Han\u2019\u0131n Siyonist Theodor Herzl\u2019a verdi\u011fi o muhte\u015fem \u2018\u2019 Ben bir kar\u0131\u015f dahi olsa vatan topra\u011f\u0131n\u0131 satmam \u00e7\u00fcnk\u00fc bu topraklar bana de\u011fil milletime aittir \u2018\u2019 cevab\u0131 ile ba\u015flad\u0131\u011f\u0131 gibi yine Namus Davas\u0131 Olarak Adledi\u011fimiz Do\u011fu T\u00fcrkistan Davas\u0131 K\u0131ymetli Genel Ba\u015fkan\u0131m\u0131z \u015eehzade Abd\u00fclhamid Kay\u0131han Osmano\u011flu\u2019nun Dedesi \u015eehzade Abd\u00fclkerim Efendinin Do\u011fu T\u00fcrkistan\u2019a ge\u00e7erek oradaki T\u00fcrk Direni\u015fin Ba\u015f\u0131na Ge\u00e7mesi Sonucu ABD\u2019de \u00c7in \u0130stihbarat\u0131 Taraf\u0131ndan \u015eehit edilmesi ile ba\u015flamaktad\u0131r.<br \/><br \/>Bizler Devlet-i Aliyye Ocaklar\u0131 Olarak Genel Ba\u015fkan\u0131m\u0131z\u0131n \u00d6nderli\u011finde Hi\u00e7bir Siyasi , Maddi , Menfi \u00c7\u0131kar G\u00f6zetmeksizin Devlet-i Aliyye\u2019nin Bug\u00fcnk\u00fc Temsilcileri Olarak Ecdad\u0131m\u0131zdan devrald\u0131\u011f\u0131m\u0131z k\u00fclt\u00fcrel miras\u0131 ya\u015fatma ve ileriye ta\u015f\u0131ma gayesindeyiz.<\/p> <\/div>\r\n \t\t\t\t<\/div>\n\t\t\t\t<\/div>\n\t\t\t\t\t<\/div>\n\t\t<\/div>\n\t\t\t\t\t<\/div>\n\t\t<\/section>\n\t\t\t\t<section class=\"elementor-section elementor-top-section elementor-element elementor-element-73e7156 elementor-reverse-tablet elementor-reverse-mobile elementor-section-boxed elementor-section-height-default elementor-section-height-default\" data-id=\"73e7156\" data-element_type=\"section\" data-e-type=\"section\" data-settings=\"{&quot;background_background&quot;:&quot;classic&quot;}\">\n\t\t\t\t\t\t<div class=\"elementor-container elementor-column-gap-no\">\n\t\t\t\t\t<div class=\"elementor-column elementor-col-25 elementor-top-column elementor-element elementor-element-5e307f3\" data-id=\"5e307f3\" data-element_type=\"column\" data-e-type=\"column\">\n\t\t\t<div class=\"elementor-widget-wrap elementor-element-populated\">\n\t\t\t\t\t\t<div class=\"elementor-element elementor-element-fd8bf7a elementor-widget elementor-widget-risehand-image-box-v2\" data-id=\"fd8bf7a\" data-element_type=\"widget\" data-e-type=\"widget\" data-widget_type=\"risehand-image-box-v2.default\">\n\t\t\t\t<div class=\"elementor-widget-container\">\n\t\t\t\t\t \n <div class=\"image_box_v2_one\"> <div class=\"spattern_bg trans mask_image\" style=\"mask-image: url(https:\/\/devletialiyye.org.tr\/wp-content\/plugins\/risehand-addons\/assets\/image\/slider-2\/mask-3.png); -webkit-mask-image: url(https:\/\/devletialiyye.org.tr\/wp-content\/plugins\/risehand-addons\/assets\/image\/slider-2\/mask-3.png);\"> <\/div> <div class=\"image one\"> <img decoding=\"async\" src=\"https:\/\/devletialiyye.org.tr\/wp-content\/uploads\/2024\/01\/logoson.png\" class=\"img\" alt=\"image\" \/> <\/div> <\/div> \n\t\t\t\t<\/div>\n\t\t\t\t<\/div>\n\t\t\t\t\t<\/div>\n\t\t<\/div>\n\t\t\t\t<div class=\"elementor-column elementor-col-25 elementor-top-column elementor-element elementor-element-9ca9b87 elementor-hidden-tablet elementor-hidden-mobile\" data-id=\"9ca9b87\" data-element_type=\"column\" data-e-type=\"column\">\n\t\t\t<div class=\"elementor-widget-wrap\">\n\t\t\t\t\t\t\t<\/div>\n\t\t<\/div>\n\t\t\t\t<div class=\"elementor-column elementor-col-25 elementor-top-column elementor-element elementor-element-47f4784\" data-id=\"47f4784\" data-element_type=\"column\" data-e-type=\"column\">\n\t\t\t<div class=\"elementor-widget-wrap elementor-element-populated\">\n\t\t\t\t\t\t<div class=\"elementor-element elementor-element-194ca78 elementor-widget elementor-widget-spacer\" data-id=\"194ca78\" data-element_type=\"widget\" data-e-type=\"widget\" data-widget_type=\"spacer.default\">\n\t\t\t\t<div class=\"elementor-widget-container\">\n\t\t\t\t\t\t\t<div class=\"elementor-spacer\">\n\t\t\t<div class=\"elementor-spacer-inner\"><\/div>\n\t\t<\/div>\n\t\t\t\t\t\t<\/div>\n\t\t\t\t<\/div>\n\t\t\t\t<div class=\"elementor-element elementor-element-8d558da elementor-widget__width-initial elementor-widget elementor-widget-risehand-title-v1\" data-id=\"8d558da\" data-element_type=\"widget\" data-e-type=\"widget\" data-widget_type=\"risehand-title-v1.default\">\n\t\t\t\t<div class=\"elementor-widget-container\">\n\t\t\t\t\t \r\n<div class=\"title_all_box style_one dark_color\">\r\n <div class=\"before_title pb_15 d_flex align-items-center\">\r\n <div class=\"icon_box\">\r\n <div class=\"icon\">\r\n <span class=\"risehand-002-healthcare\"><\/span>\r\n <\/div>\r\n <\/div>\r\n <div class=\"sub_title font_special\">\r\n Devlet-i Aliyye Ocaklar\u0131 Dernek Logo Anlam\u0131;\n <\/div>\r\n <\/div>\r\n <p class=\"desc_p\">\r\n Devleti Aliyye Ocaklar\u0131 \u00d6nceklikli Olarak Sultan Abd\u00fclhamid Han Miras\u0131n\u0131 Y\u00fcklenmesi ve Yine Sultan Abd\u00fclhamid Han\u2019\u0131n Torunu \u015eehzade Abd\u00fclhamid Kay\u0131han Osmano\u011flu taraf\u0131ndan bizzat kurulmas\u0131 sebebiyle logosunun ortas\u0131nda 19.yy. da Sultan Abd\u00fclhamid Han taraf\u0131ndan yapt\u0131r\u0131lan ve son halini alan Osmanl\u0131 Devlet Armas\u0131n\u0131 Kullanm\u0131\u015ft\u0131r.\n\nOsmanl\u0131 devlet armas\u0131 resmi niteli\u011fini ise 18. y\u00fczy\u0131l sonlar\u0131nda kazanm\u0131\u015ft\u0131r. Her padi\u015fah d\u00f6neminde yap\u0131lan eklemelerle \u00e7e\u015fitlenen ve \u00f6zellikleri geli\u015fen Osmanl\u0131 devlet armas\u0131 son \u015feklini 19. y\u00fczy\u0131lda, II. Abd\u00fclhamid d\u00f6neminde alm\u0131\u015ft\u0131r. Bu d\u00f6nem, d\u00fcnya genelinde uluslar\u0131n ba\u011f\u0131ms\u0131zl\u0131k m\u00fccadelesinin s\u00fcrd\u00fc\u011f\u00fcnden, imparatorluklar sembollerle g\u00fc\u00e7lerini peki\u015ftirmeye y\u00f6nelmi\u015flerdir. Ge\u00e7mi\u015fte g\u00fcc\u00fcn, devletin \u00f6n planda oldu\u011fu armalar g\u00f6r\u00fcl\u00fcrken zamanla armalarda h\u00fck\u00fcmdarlar daha b\u00fcy\u00fck bir yer kaplamaya ba\u015flam\u0131\u015ft\u0131r.\n\n19. y\u00fczy\u0131lda son h\u00e2lini alan Osmanl\u0131 devlet armas\u0131, yukar\u0131dan a\u015fa\u011f\u0131 do\u011fru lider, kalp ve v\u00fccud olarak isimlendirilen \u00fc\u00e7 ana k\u0131s\u0131mdan olu\u015fuyor. \u00dcst k\u0131s\u0131m h\u00fck\u00fcmdar\u0131, orta b\u00f6l\u00fcm devlet ve taht\u0131 sembolize ederken orta k\u0131s\u0131mda \u00fcstte bulunan kalkan ise devletin koruyuculu\u011funun simgesidir. <\/p>\r\n <\/div>\r\n\r\n\t\t\t\t<\/div>\n\t\t\t\t<\/div>\n\t\t\t\t\t<\/div>\n\t\t<\/div>\n\t\t\t\t<div class=\"elementor-column elementor-col-25 elementor-top-column elementor-element elementor-element-35dc4b9 elementor-hidden-tablet elementor-hidden-mobile\" data-id=\"35dc4b9\" data-element_type=\"column\" data-e-type=\"column\">\n\t\t\t<div class=\"elementor-widget-wrap\">\n\t\t\t\t\t\t\t<\/div>\n\t\t<\/div>\n\t\t\t\t\t<\/div>\n\t\t<\/section>\n\t\t\t\t<section class=\"elementor-section elementor-top-section elementor-element elementor-element-6b08df2 elementor-section-boxed elementor-section-height-default elementor-section-height-default\" data-id=\"6b08df2\" data-element_type=\"section\" data-e-type=\"section\">\n\t\t\t\t\t\t<div class=\"elementor-container elementor-column-gap-default\">\n\t\t\t\t\t<div class=\"elementor-column elementor-col-100 elementor-top-column elementor-element elementor-element-0c918d5\" data-id=\"0c918d5\" data-element_type=\"column\" data-e-type=\"column\">\n\t\t\t<div class=\"elementor-widget-wrap elementor-element-populated\">\n\t\t\t\t\t\t<div class=\"elementor-element elementor-element-42efa6a elementor-widget elementor-widget-risehand-text-editor-v1\" data-id=\"42efa6a\" data-element_type=\"widget\" data-e-type=\"widget\" data-widget_type=\"risehand-text-editor-v1.default\">\n\t\t\t\t<div class=\"elementor-widget-container\">\n\t\t\t\t\t <div class=\"position-relative position_p_relative\">\r\n <p>H\u00fck\u00fcmdar, armada ba\u015f k\u00f6\u015fede devlet ve toplumun \u00fczerinde konumlan\u0131yor. Yukar\u0131da yer alan tu\u011fra ve etraf\u0131ndan sa\u00e7\u0131lan \u0131\u015f\u0131\u011f\u0131 temsil eden form ile h\u00fck\u00fcmdar, G\u00fcne\u015f ile \u00f6zde\u015fle\u015ftiriliyor. II. Abd\u00fclhamid, saltanat\u0131n\u0131n son y\u0131llar\u0131nda bu tu\u011fran\u0131n alt\u0131na u\u00e7lar\u0131 yukar\u0131 bakan bir hilal ekletmi\u015ftir. Hilalin \u00fczerinde \u201cOsmanl\u0131 melikleri Allah\u2019\u0131n yard\u0131m\u0131na dayanarak i\u015f g\u00f6r\u00fcrler.\u201d yaz\u0131l\u0131d\u0131r.<\/p><p>Arman\u0131n orta noktas\u0131nda bulunan ve devletin koruyuculu\u011funu sembolize eden kalkan\u0131n \u00e7evresinde y\u0131ld\u0131zlar vard\u0131r ve bu Osmanl\u0131\u2019n\u0131n kainat\u0131n merkezinde oldu\u011funu anlat\u0131r. Daha sonra ay y\u0131ld\u0131za d\u00f6n\u00fc\u015fen bu formlar\u0131n Osmanl\u0131\u2019ya ba\u011fl\u0131 eyaletleri de simgelemi\u015flerdir. Kalkan\u0131n \u00fcst\u00fcnde ise bir serpu\u015f (sar\u0131k) bulunmaktad\u0131r. Bu serpu\u015f Osmanl\u0131 Devleti\u2019nin kurucusu Osman Gazi\u2019yi simgeler.<\/p><p>Kalkan\u0131n her iki yan\u0131nda biri ye\u015fil \u00f6teki k\u0131rm\u0131z\u0131 olmak \u00fczere iki sancak bulunur. Ye\u015fil olan\u0131 \u0130slam Devleti olu\u015fun bir g\u00f6stergesi, k\u0131rm\u0131z\u0131 olan ise ba\u011f\u0131ms\u0131zl\u0131\u011f\u0131n g\u00f6stergesi olarak armada yerini alm\u0131\u015ft\u0131r. Kalkan\u0131n yan k\u0131s\u0131mlar\u0131nda bu iki sanca\u011f\u0131n d\u0131\u015f\u0131nda pek \u00e7ok say\u0131da silah ve simge yer almaktad\u0131r. Bu sembollerin \u00e7o\u011funlu\u011funu Orta Asya\u2019dan bu yana T\u00fcrk toplumlar\u0131n\u0131n kulland\u0131\u011f\u0131 geleneksel silahlar olu\u015fturur. Tek tarafl\u0131 ve \u00e7ift tarafl\u0131 teber, m\u0131zrak, k\u0131l\u0131\u00e7, a\u011f\u0131zdan dolma top, g\u00fcrz, topuz, s\u00fcng\u00fcl\u00fc t\u00fcfek gibi silahlar g\u00fcc\u00fc, sava\u015f\u00e7\u0131l\u0131\u011f\u0131, zaferi sembolize eden unsurlard\u0131r. Haberci sembol\u00fc bir borazan ve modernli\u011fi i\u015faret eden bir toplu tabanca da ilgi \u00e7ekici unsurlar aras\u0131nda yer al\u0131r.<\/p><p>Dikkat \u00e7ekici unsurlardan bir di\u011feri de armada, sol tarafta bulunan terazi ve alt\u0131ndaki kitaplard\u0131r. Terazi Osmanl\u0131 Devleti\u2019nin adaletini sembolize eder. Kitaplardan \u00fcstteki Kuran-\u0131 Kerim\u2019i, alttaki ise kanunnameleri yani \u00f6rfi hukuk d\u00fczenini temsil etmektedir. Terazinin Kuran-\u0131 Kerim\u2019in \u00fczerinde yerle\u015fmi\u015f olmas\u0131 Osmanl\u0131 Devleti\u2019nin \u0130slamiyet\u2019in kurallar\u0131na ve hukuk ilkelerine g\u00f6re bir sistemi benimsedi\u011fini g\u00f6stermektedir.<\/p><p>Logomuzun Devam\u0131nda Osmanl\u0131 Devlet Armas\u0131n\u0131 \u00c7evreleyen 36 Nokta Ecdad\u0131m\u0131za ve yapt\u0131klar\u0131 i\u015flere derin sayg\u0131 \u00e7er\u00e7evesinde onlar\u0131n hat\u0131ralar\u0131na sad\u0131k kalaca\u011f\u0131m\u0131z noktas\u0131nda Devleti Aliyye\u2019nin 36 Padi\u015fah\u0131n\u0131\u00a0 sembolize ederken ,<\/p><p>Logomuzun D\u0131\u015f Alt k\u0131s\u0131m\u0131nda yer alan 16 y\u0131ld\u0131z tarihimize olan derin ba\u011fl\u0131l\u0131\u011f\u0131m\u0131z\u0131n sembol\u00fc olarak bu g\u00fcne kadar kurulmu\u015f ve cumhurba\u015fkanl\u0131\u011f\u0131 forsunda da yer alan 16 B\u00fcy\u00fck T\u00fcrk devletini temsil etmektedir.<\/p> <\/div>\r\n \t\t\t\t<\/div>\n\t\t\t\t<\/div>\n\t\t\t\t\t<\/div>\n\t\t<\/div>\n\t\t\t\t\t<\/div>\n\t\t<\/section>\n\t\t\t\t<\/div>\n\t\t","protected":false},"excerpt":{"rendered":"<p>Derne\u011fimiz Hakk\u0131nda Devlet-i Aliyye Ocaklar\u0131 Sultan II.Abd\u00fclhamid Han\u2019\u0131n En B\u00fcy\u00fcko\u011flu \u015eehzade Selim Efendinin o\u011flu \u015eehzade Abd\u00fclkerim Efendinin Torunu Osmanl\u0131 Hanedan (1924) S\u00fcrg\u00fcn\u00fcnden Sonra T\u00fcrkiye Cumhuriyeti Devletinde Do\u011fan \u0130lk \u015eehzade Abd\u00fclhamid Kay\u0131han Osmano\u011flu Taraf\u0131ndan Kurulmu\u015ftur. Resmi \u0130mparatorluk \u0130smi olarak Devlet-i Aliyye (B\u00fcy\u00fck Devlet) terkibini kullanan Osmanl\u0131 Ecdad\u0131m\u0131zdan Ald\u0131\u011f\u0131m\u0131z \u015euur ve K\u00fclt\u00fcr Miras\u0131 \u00dczerine Derne\u011fimizin \u0130smi Devlet-i [&hellip;]<\/p>\n","protected":false},"author":1,"featured_media":0,"parent":0,"menu_order":0,"comment_status":"closed","ping_status":"closed","template":"template-fullwidth.php","meta":{"footnotes":""},"class_list":["post-2963","page","type-page","status-publish","hentry"],"_links":{"self":[{"href":"https:\/\/devletialiyye.org.tr\/en_us\/wp-json\/wp\/v2\/pages\/2963","targetHints":{"allow":["GET"]}}],"collection":[{"href":"https:\/\/devletialiyye.org.tr\/en_us\/wp-json\/wp\/v2\/pages"}],"about":[{"href":"https:\/\/devletialiyye.org.tr\/en_us\/wp-json\/wp\/v2\/types\/page"}],"author":[{"embeddable":true,"href":"https:\/\/devletialiyye.org.tr\/en_us\/wp-json\/wp\/v2\/users\/1"}],"replies":[{"embeddable":true,"href":"https:\/\/devletialiyye.org.tr\/en_us\/wp-json\/wp\/v2\/comments?post=2963"}],"version-history":[{"count":26,"href":"https:\/\/devletialiyye.org.tr\/en_us\/wp-json\/wp\/v2\/pages\/2963\/revisions"}],"predecessor-version":[{"id":6714,"href":"https:\/\/devletialiyye.org.tr\/en_us\/wp-json\/wp\/v2\/pages\/2963\/revisions\/6714"}],"wp:attachment":[{"href":"https:\/\/devletialiyye.org.tr\/en_us\/wp-json\/wp\/v2\/media?parent=2963"}],"curies":[{"name":"wp","href":"https:\/\/api.w.org\/{rel}","templated":true}]}}