{"id":6326,"date":"2024-10-13T22:11:46","date_gmt":"2024-10-13T22:11:46","guid":{"rendered":"https:\/\/ahmetbaltaci.net.tr\/devlet\/?post_type=product&#038;p=6326"},"modified":"2025-11-11T09:49:02","modified_gmt":"2025-11-11T09:49:02","slug":"kuran-i-kerim-hediyesi","status":"publish","type":"product","link":"https:\/\/devletialiyye.org.tr\/en_us\/urun\/kuran-i-kerim-hediyesi\/","title":{"rendered":"Kur&#8217;an-\u0131 Kerim Hediyesi"},"content":{"rendered":"","protected":false},"excerpt":{"rendered":"<p>Osmanl\u0131 k\u00fclt\u00fcr\u00fcnde, Kuran-\u0131 Kerim\u2019in hediye edilmesi \u00f6nemli bir gelenekti. \u00d6zel g\u00fcnlerde veya \u00f6nemli anlarda, Kuran-\u0131 Kerim hediye etmek derin manevi anlamlar ta\u015f\u0131r ve hediye veren ki\u015finin sayg\u0131s\u0131n\u0131 ve sevgisini ifade etmesinin yan\u0131 s\u0131ra, hediye alan ki\u015fiye manevi bir arma\u011fan sunar. Bu jest, Osmanl\u0131 toplumunda dini ve sosyal ba\u011flar\u0131 g\u00fc\u00e7lendirirdi ve g\u00fcn\u00fcm\u00fczde de baz\u0131 k\u00fclt\u00fcrel \u00e7evrelerde devam etmektedir. Sizde bu anlaml\u0131 hediye ile bize destek olur musunuz ?<\/p>\n","protected":false},"featured_media":6327,"template":"","meta":[],"product_brand":[],"product_cat":[15],"product_tag":[],"class_list":{"0":"post-6326","1":"product","2":"type-product","3":"status-publish","4":"has-post-thumbnail","6":"product_cat-genel","8":"first","9":"instock","10":"shipping-taxable","11":"purchasable","12":"product-type-simple"},"_links":{"self":[{"href":"https:\/\/devletialiyye.org.tr\/en_us\/wp-json\/wp\/v2\/product\/6326","targetHints":{"allow":["GET"]}}],"collection":[{"href":"https:\/\/devletialiyye.org.tr\/en_us\/wp-json\/wp\/v2\/product"}],"about":[{"href":"https:\/\/devletialiyye.org.tr\/en_us\/wp-json\/wp\/v2\/types\/product"}],"version-history":[{"count":4,"href":"https:\/\/devletialiyye.org.tr\/en_us\/wp-json\/wp\/v2\/product\/6326\/revisions"}],"predecessor-version":[{"id":7271,"href":"https:\/\/devletialiyye.org.tr\/en_us\/wp-json\/wp\/v2\/product\/6326\/revisions\/7271"}],"wp:featuredmedia":[{"embeddable":true,"href":"https:\/\/devletialiyye.org.tr\/en_us\/wp-json\/wp\/v2\/media\/6327"}],"wp:attachment":[{"href":"https:\/\/devletialiyye.org.tr\/en_us\/wp-json\/wp\/v2\/media?parent=6326"}],"wp:term":[{"taxonomy":"product_brand","embeddable":true,"href":"https:\/\/devletialiyye.org.tr\/en_us\/wp-json\/wp\/v2\/product_brand?post=6326"},{"taxonomy":"product_cat","embeddable":true,"href":"https:\/\/devletialiyye.org.tr\/en_us\/wp-json\/wp\/v2\/product_cat?post=6326"},{"taxonomy":"product_tag","embeddable":true,"href":"https:\/\/devletialiyye.org.tr\/en_us\/wp-json\/wp\/v2\/product_tag?post=6326"}],"curies":[{"name":"wp","href":"https:\/\/api.w.org\/{rel}","templated":true}]}}