{"id":2968,"date":"2024-01-19T07:14:18","date_gmt":"2024-01-19T07:14:18","guid":{"rendered":"https:\/\/themepanthers.com\/wp\/risehand\/el\/?page_id=2968"},"modified":"2024-10-13T09:54:05","modified_gmt":"2024-10-13T09:54:05","slug":"hesap-bilgilerimiz","status":"publish","type":"page","link":"https:\/\/devletialiyye.org.tr\/tr\/hesap-bilgilerimiz\/","title":{"rendered":"Hesap Bilgilerimiz"},"content":{"rendered":"<div data-elementor-type=\"wp-page\" data-elementor-id=\"2968\" class=\"elementor elementor-2968\">\n\t\t\t\t\t\t<section class=\"elementor-section elementor-top-section elementor-element elementor-element-ae16fa6 elementor-section-boxed elementor-section-height-default elementor-section-height-default\" data-id=\"ae16fa6\" data-element_type=\"section\" data-e-type=\"section\" data-settings=\"{&quot;background_background&quot;:&quot;classic&quot;}\">\n\t\t\t\t\t\t<div class=\"elementor-container elementor-column-gap-default\">\n\t\t\t\t\t<div class=\"elementor-column elementor-col-100 elementor-top-column elementor-element elementor-element-e05460e\" data-id=\"e05460e\" data-element_type=\"column\" data-e-type=\"column\">\n\t\t\t<div class=\"elementor-widget-wrap elementor-element-populated\">\n\t\t\t\t\t\t<div class=\"elementor-element elementor-element-0c4f708 elementor-widget elementor-widget-risehand-title-v1\" data-id=\"0c4f708\" data-element_type=\"widget\" data-e-type=\"widget\" data-widget_type=\"risehand-title-v1.default\">\n\t\t\t\t<div class=\"elementor-widget-container\">\n\t\t\t\t\t \r\n<div class=\"title_all_box style_one dark_color\">\r\n <div class=\"before_title pb_15 d_flex align-items-center\">\r\n <div class=\"icon_box\">\r\n <div class=\"icon\">\r\n <img decoding=\"async\" src=\"https:\/\/ahmetbaltaci.net.tr\/devlet\/wp-content\/uploads\/2024\/10\/secure-payment.png\" class=\"img-fluid svg_image\" alt=\"icon\" \/>\r\n <\/div>\r\n <\/div>\r\n <div class=\"sub_title font_special\">\r\n G\u00fcvenli \u00d6deme <\/div>\r\n <\/div>\r\n <h2 class=\"title_no_a_46 mb_0 pb_20\">\r\n Ba\u011f\u0131\u015flar\u0131n\u0131z\u0131 Daha Kolay ve H\u0131zl\u0131 Bir \u015eekilde Ula\u015ft\u0131rmak \u0130\u00e7in Ba\u011f\u0131\u015f Sayfam\u0131zdan Online \u00d6deme Sayfam\u0131za Ula\u015fabilirsiniz <\/h2>\r\n <\/div>\r\n\r\n\t\t\t\t<\/div>\n\t\t\t\t<\/div>\n\t\t\t\t<div class=\"elementor-element elementor-element-55af0db elementor-widget elementor-widget-image\" data-id=\"55af0db\" data-element_type=\"widget\" data-e-type=\"widget\" data-widget_type=\"image.default\">\n\t\t\t\t<div class=\"elementor-widget-container\">\n\t\t\t\t\t\t\t\t\t\t\t\t\t\t\t<img fetchpriority=\"high\" decoding=\"async\" width=\"300\" height=\"200\" src=\"https:\/\/devletialiyye.org.tr\/wp-content\/uploads\/2024\/10\/Ziraat_Bankasi_Logotype_JPEG-removebg-preview-300x200-1.png\" class=\"attachment-full size-full wp-image-6152\" alt=\"\" \/>\t\t\t\t\t\t\t\t\t\t\t\t\t\t\t<\/div>\n\t\t\t\t<\/div>\n\t\t\t\t<section class=\"elementor-section elementor-inner-section elementor-element elementor-element-d8d6a86 elementor-section-full_width elementor-section-height-default elementor-section-height-default\" data-id=\"d8d6a86\" data-element_type=\"section\" data-e-type=\"section\">\n\t\t\t\t\t\t<div class=\"elementor-container elementor-column-gap-extended\">\n\t\t\t\t\t<div class=\"elementor-column elementor-col-33 elementor-inner-column elementor-element elementor-element-7815415\" data-id=\"7815415\" data-element_type=\"column\" data-e-type=\"column\">\n\t\t\t<div class=\"elementor-widget-wrap elementor-element-populated\">\n\t\t\t\t\t\t<div class=\"elementor-element elementor-element-1b06ff7 elementor-widget elementor-widget-risehand-icon-box\" data-id=\"1b06ff7\" data-element_type=\"widget\" data-e-type=\"widget\" data-widget_type=\"risehand-icon-box.default\">\n\t\t\t\t<div class=\"elementor-widget-container\">\n\t\t\t\t\t \r\n <div class=\"icon_box_all trans style_two\">\r\n \r\n <div class=\"inner_icon_box trans enable_bgs\">\r\n <div class=\"spattern_bg mask_image\" style=\"mask-image: url(https:\/\/devletialiyye.org.tr\/wp-content\/plugins\/risehand-addons\/assets\/image\/slider-2\/mask-1.png); -webkit-mask-image: url(https:\/\/devletialiyye.org.tr\/wp-content\/plugins\/risehand-addons\/assets\/image\/slider-2\/mask-1.png);\"> <\/div>\r\n \r\n <div class=\"icon_box\">\r\n \r\n <div class=\"icon\"> <img decoding=\"async\" src=\"https:\/\/ahmetbaltaci.net.tr\/devlet\/wp-content\/uploads\/2024\/10\/fundraising_5545239.png\" class=\"img-fluid svg_image\" alt=\"\" \/> <\/div>\r\n \r\n <\/div>\r\n \r\n <div class=\"txt_content\">\r\n <div class=\"title_24 mb_0\"> <a href=\"#\" class=\"mb_0\" target=\"&quot;_blank&quot;\" rel=\"&quot;nofollow&quot;\"> \u20ba IBAN <\/a> <\/div> \r\n <div class=\"mt_25\"> <a class=\"text_btn\" href=\"#\" target=\"&quot;_blank&quot;\" rel=\"&quot;nofollow&quot;\"> <small>TR41 0001 0000 1996 9299 3250 01<\/small> <\/a> <\/div>\r\n \r\n <\/div>\r\n <\/div>\r\n \r\n<\/div>\r\n\r\n\t\t\t\t<\/div>\n\t\t\t\t<\/div>\n\t\t\t\t<div class=\"elementor-element elementor-element-8d530dd elementor-widget elementor-widget-spacer\" data-id=\"8d530dd\" data-element_type=\"widget\" data-e-type=\"widget\" data-widget_type=\"spacer.default\">\n\t\t\t\t<div class=\"elementor-widget-container\">\n\t\t\t\t\t\t\t<div class=\"elementor-spacer\">\n\t\t\t<div class=\"elementor-spacer-inner\"><\/div>\n\t\t<\/div>\n\t\t\t\t\t\t<\/div>\n\t\t\t\t<\/div>\n\t\t\t\t\t<\/div>\n\t\t<\/div>\n\t\t\t\t<div class=\"elementor-column elementor-col-33 elementor-inner-column elementor-element elementor-element-e84db4f\" data-id=\"e84db4f\" data-element_type=\"column\" data-e-type=\"column\">\n\t\t\t<div class=\"elementor-widget-wrap elementor-element-populated\">\n\t\t\t\t\t\t<div class=\"elementor-element elementor-element-cd0a975 elementor-widget elementor-widget-risehand-icon-box\" data-id=\"cd0a975\" data-element_type=\"widget\" data-e-type=\"widget\" data-widget_type=\"risehand-icon-box.default\">\n\t\t\t\t<div class=\"elementor-widget-container\">\n\t\t\t\t\t \r\n <div class=\"icon_box_all trans style_two\">\r\n \r\n <div class=\"inner_icon_box trans enable_bgs\">\r\n <div class=\"spattern_bg mask_image\" style=\"mask-image: url(https:\/\/devletialiyye.org.tr\/wp-content\/plugins\/risehand-addons\/assets\/image\/slider-2\/mask-1.png); -webkit-mask-image: url(https:\/\/devletialiyye.org.tr\/wp-content\/plugins\/risehand-addons\/assets\/image\/slider-2\/mask-1.png);\"> <\/div>\r\n \r\n <div class=\"icon_box\">\r\n \r\n <div class=\"icon\"> <img decoding=\"async\" src=\"https:\/\/ahmetbaltaci.net.tr\/devlet\/wp-content\/uploads\/2024\/10\/fundraising_5545239.png\" class=\"img-fluid svg_image\" alt=\"\" \/> <\/div>\r\n \r\n <\/div>\r\n \r\n <div class=\"txt_content\">\r\n <div class=\"title_24 mb_0\"> <a href=\"#\" class=\"mb_0\" target=\"&quot;_blank&quot;\" rel=\"&quot;nofollow&quot;\"> $ IBAN\n <\/a> <\/div> \r\n <div class=\"mt_25\"> <a class=\"text_btn\" href=\"#\" target=\"&quot;_blank&quot;\" rel=\"&quot;nofollow&quot;\"> <small>TR14 0001 0000 1996 9299 3250 02\n<\/small> <\/a> <\/div>\r\n \r\n <\/div>\r\n <\/div>\r\n \r\n<\/div>\r\n\r\n\t\t\t\t<\/div>\n\t\t\t\t<\/div>\n\t\t\t\t<div class=\"elementor-element elementor-element-9bd9bd7 elementor-widget elementor-widget-spacer\" data-id=\"9bd9bd7\" data-element_type=\"widget\" data-e-type=\"widget\" data-widget_type=\"spacer.default\">\n\t\t\t\t<div class=\"elementor-widget-container\">\n\t\t\t\t\t\t\t<div class=\"elementor-spacer\">\n\t\t\t<div class=\"elementor-spacer-inner\"><\/div>\n\t\t<\/div>\n\t\t\t\t\t\t<\/div>\n\t\t\t\t<\/div>\n\t\t\t\t\t<\/div>\n\t\t<\/div>\n\t\t\t\t<div class=\"elementor-column elementor-col-33 elementor-inner-column elementor-element elementor-element-3e56bed\" data-id=\"3e56bed\" data-element_type=\"column\" data-e-type=\"column\">\n\t\t\t<div class=\"elementor-widget-wrap elementor-element-populated\">\n\t\t\t\t\t\t<div class=\"elementor-element elementor-element-82beec4 elementor-widget elementor-widget-risehand-icon-box\" data-id=\"82beec4\" data-element_type=\"widget\" data-e-type=\"widget\" data-widget_type=\"risehand-icon-box.default\">\n\t\t\t\t<div class=\"elementor-widget-container\">\n\t\t\t\t\t \r\n <div class=\"icon_box_all trans style_two\">\r\n \r\n <div class=\"inner_icon_box trans enable_bgs\">\r\n <div class=\"spattern_bg mask_image\" style=\"mask-image: url(https:\/\/devletialiyye.org.tr\/wp-content\/plugins\/risehand-addons\/assets\/image\/slider-2\/mask-1.png); -webkit-mask-image: url(https:\/\/devletialiyye.org.tr\/wp-content\/plugins\/risehand-addons\/assets\/image\/slider-2\/mask-1.png);\"> <\/div>\r\n \r\n <div class=\"icon_box\">\r\n \r\n <div class=\"icon\"> <img decoding=\"async\" src=\"https:\/\/ahmetbaltaci.net.tr\/devlet\/wp-content\/uploads\/2024\/10\/fundraising_5545239.png\" class=\"img-fluid svg_image\" alt=\"\" \/> <\/div>\r\n \r\n <\/div>\r\n \r\n <div class=\"txt_content\">\r\n <div class=\"title_24 mb_0\"> <a href=\"#\" class=\"mb_0\" target=\"&quot;_blank&quot;\" rel=\"&quot;nofollow&quot;\"> \u20ac IBAN <\/a> <\/div> \r\n <div class=\"mt_25\"> <a class=\"text_btn\" href=\"#\" target=\"&quot;_blank&quot;\" rel=\"&quot;nofollow&quot;\"> <small>TR84 0001 0000 1996 9299 3250 03\n<\/small> <\/a> <\/div>\r\n \r\n <\/div>\r\n <\/div>\r\n \r\n<\/div>\r\n\r\n\t\t\t\t<\/div>\n\t\t\t\t<\/div>\n\t\t\t\t<div class=\"elementor-element elementor-element-2955e12 elementor-widget elementor-widget-spacer\" data-id=\"2955e12\" data-element_type=\"widget\" data-e-type=\"widget\" data-widget_type=\"spacer.default\">\n\t\t\t\t<div class=\"elementor-widget-container\">\n\t\t\t\t\t\t\t<div class=\"elementor-spacer\">\n\t\t\t<div class=\"elementor-spacer-inner\"><\/div>\n\t\t<\/div>\n\t\t\t\t\t\t<\/div>\n\t\t\t\t<\/div>\n\t\t\t\t\t<\/div>\n\t\t<\/div>\n\t\t\t\t\t<\/div>\n\t\t<\/section>\n\t\t\t\t\t<\/div>\n\t\t<\/div>\n\t\t\t\t\t<\/div>\n\t\t<\/section>\n\t\t\t\t<\/div>","protected":false},"excerpt":{"rendered":"<p>G\u00fcvenli \u00d6deme Ba\u011f\u0131\u015flar\u0131n\u0131z\u0131 Daha Kolay ve H\u0131zl\u0131 Bir \u015eekilde Ula\u015ft\u0131rmak \u0130\u00e7in Ba\u011f\u0131\u015f Sayfam\u0131zdan Online \u00d6deme Sayfam\u0131za Ula\u015fabilirsiniz \u20ba IBAN TR41 0001 0000 1996 9299 3250 01 $ IBAN TR14 0001 0000 1996 9299 3250 02 \u20ac IBAN TR84 0001 0000 1996 9299 3250 03<\/p>","protected":false},"author":1,"featured_media":0,"parent":0,"menu_order":0,"comment_status":"closed","ping_status":"closed","template":"template-fullwidth.php","meta":{"footnotes":""},"class_list":["post-2968","page","type-page","status-publish","hentry"],"_links":{"self":[{"href":"https:\/\/devletialiyye.org.tr\/tr\/wp-json\/wp\/v2\/pages\/2968","targetHints":{"allow":["GET"]}}],"collection":[{"href":"https:\/\/devletialiyye.org.tr\/tr\/wp-json\/wp\/v2\/pages"}],"about":[{"href":"https:\/\/devletialiyye.org.tr\/tr\/wp-json\/wp\/v2\/types\/page"}],"author":[{"embeddable":true,"href":"https:\/\/devletialiyye.org.tr\/tr\/wp-json\/wp\/v2\/users\/1"}],"replies":[{"embeddable":true,"href":"https:\/\/devletialiyye.org.tr\/tr\/wp-json\/wp\/v2\/comments?post=2968"}],"version-history":[{"count":5,"href":"https:\/\/devletialiyye.org.tr\/tr\/wp-json\/wp\/v2\/pages\/2968\/revisions"}],"predecessor-version":[{"id":6158,"href":"https:\/\/devletialiyye.org.tr\/tr\/wp-json\/wp\/v2\/pages\/2968\/revisions\/6158"}],"wp:attachment":[{"href":"https:\/\/devletialiyye.org.tr\/tr\/wp-json\/wp\/v2\/media?parent=2968"}],"curies":[{"name":"wp","href":"https:\/\/api.w.org\/{rel}","templated":true}]}}