{"id":2969,"date":"2024-01-19T07:14:18","date_gmt":"2024-01-19T07:14:18","guid":{"rendered":"https:\/\/themepanthers.com\/wp\/risehand\/el\/?page_id=2969"},"modified":"2025-10-31T20:10:28","modified_gmt":"2025-10-31T20:10:28","slug":"yonetim-kurulu","status":"publish","type":"page","link":"https:\/\/devletialiyye.org.tr\/tr\/yonetim-kurulu\/","title":{"rendered":"Y\u00f6netim Kurulu"},"content":{"rendered":"<div data-elementor-type=\"wp-page\" data-elementor-id=\"2969\" class=\"elementor elementor-2969\">\n\t\t\t\t\t\t<section class=\"elementor-section elementor-top-section elementor-element elementor-element-55e20af elementor-section-boxed elementor-section-height-default elementor-section-height-default\" data-id=\"55e20af\" data-element_type=\"section\" data-e-type=\"section\">\n\t\t\t\t\t\t<div class=\"elementor-container elementor-column-gap-default\">\n\t\t\t\t\t<div class=\"elementor-column elementor-col-100 elementor-top-column elementor-element elementor-element-645408f\" data-id=\"645408f\" data-element_type=\"column\" data-e-type=\"column\">\n\t\t\t<div class=\"elementor-widget-wrap elementor-element-populated\">\n\t\t\t\t\t\t<div class=\"elementor-element elementor-element-5e2e1be elementor-widget elementor-widget-risehand-volunteer-v1\" data-id=\"5e2e1be\" data-element_type=\"widget\" data-e-type=\"widget\" data-widget_type=\"risehand-volunteer-v1.default\">\n\t\t\t\t<div class=\"elementor-widget-container\">\n\t\t\t\t\t<section class=\"volunteer_post_section\"> <div class=\"row\"> <div class=\"col-xl-4 col-lg-4 col-md-6 col-sm-6\"> <div class=\"volunteer-style_1 mb_40 has_images\"> <div class=\"image-box trans img_obj_fit_center\"> <div class=\"spattern_bg trans mask_image\" style=\"mask-image: url(https:\/\/devletialiyye.org.tr\/wp-content\/plugins\/risehand-addons\/assets\/image\/team-shape-1.png); -webkit-mask-image: url(https:\/\/devletialiyye.org.tr\/wp-content\/plugins\/risehand-addons\/assets\/image\/team-shape-1.png);\"> <\/div> <a href=\"https:\/\/devletialiyye.org.tr\/tr\/volunteer\/sehzade-abdulhamid-kayihan-osmanoglu\/\" class=\"img_link trans\"> <img fetchpriority=\"high\" decoding=\"async\" width=\"2318\" height=\"2318\" src=\"https:\/\/devletialiyye.org.tr\/wp-content\/uploads\/2023\/12\/1-2.png\" class=\"attachment-risehand-image-370-270 trans size-risehand-image-370-270 trans wp-post-image\" alt=\"\" \/> <\/a> <\/div> <div class=\"content_box\"> <div class=\"title_22 trans\"><a href=\"https:\/\/devletialiyye.org.tr\/tr\/volunteer\/sehzade-abdulhamid-kayihan-osmanoglu\/\" class=\"mt_0 mb_5 trim-3\">\u015eehzade Abd\u00fclhamid Kay\u0131han OSMANO\u011eLU<\/a><\/div> <div class=\"font_special\">Genel Ba\u015fkan<\/div> <\/div><\/div>\n <\/div> <div class=\"col-xl-4 col-lg-4 col-md-6 col-sm-6\"> <div class=\"volunteer-style_1 mb_40 has_images\"> <div class=\"image-box trans img_obj_fit_center\"> <div class=\"spattern_bg trans mask_image\" style=\"mask-image: url(https:\/\/devletialiyye.org.tr\/wp-content\/plugins\/risehand-addons\/assets\/image\/team-shape-1.png); -webkit-mask-image: url(https:\/\/devletialiyye.org.tr\/wp-content\/plugins\/risehand-addons\/assets\/image\/team-shape-1.png);\"> <\/div> <a href=\"https:\/\/devletialiyye.org.tr\/tr\/volunteer\/ahmet-zahit-dizdar\/\" class=\"img_link trans\"> <img decoding=\"async\" width=\"2316\" height=\"2316\" src=\"https:\/\/devletialiyye.org.tr\/wp-content\/uploads\/2023\/12\/2-1.png\" class=\"attachment-risehand-image-370-270 trans size-risehand-image-370-270 trans wp-post-image\" alt=\"\" \/> <\/a> <\/div> <div class=\"content_box\"> <div class=\"title_22 trans\"><a href=\"https:\/\/devletialiyye.org.tr\/tr\/volunteer\/ahmet-zahit-dizdar\/\" class=\"mt_0 mb_5 trim-3\">Ahmet Zahit D\u0130ZDAR<\/a><\/div> <div class=\"font_special\">Genel Ba\u015fkan Vekili<\/div> <\/div><\/div>\n <\/div> <div class=\"col-xl-4 col-lg-4 col-md-6 col-sm-6\"> <div class=\"volunteer-style_1 mb_40 has_images\"> <div class=\"image-box trans img_obj_fit_center\"> <div class=\"spattern_bg trans mask_image\" style=\"mask-image: url(https:\/\/devletialiyye.org.tr\/wp-content\/plugins\/risehand-addons\/assets\/image\/team-shape-1.png); -webkit-mask-image: url(https:\/\/devletialiyye.org.tr\/wp-content\/plugins\/risehand-addons\/assets\/image\/team-shape-1.png);\"> <\/div> <a href=\"https:\/\/devletialiyye.org.tr\/tr\/volunteer\/ihsan-deniz\/\" class=\"img_link trans\"> <img decoding=\"async\" width=\"2318\" height=\"2318\" src=\"https:\/\/devletialiyye.org.tr\/wp-content\/uploads\/2023\/12\/3-1.png\" class=\"attachment-risehand-image-370-270 trans size-risehand-image-370-270 trans wp-post-image\" alt=\"\" \/> <\/a> <\/div> <div class=\"content_box\"> <div class=\"title_22 trans\"><a href=\"https:\/\/devletialiyye.org.tr\/tr\/volunteer\/ihsan-deniz\/\" class=\"mt_0 mb_5 trim-3\">\u0130hsan DEN\u0130Z<\/a><\/div> <div class=\"font_special\">Genel Sekreter<\/div> <\/div><\/div>\n <\/div> <div class=\"col-xl-4 col-lg-4 col-md-6 col-sm-6\"> <div class=\"volunteer-style_1 mb_40 has_images\"> <div class=\"image-box trans img_obj_fit_center\"> <div class=\"spattern_bg trans mask_image\" style=\"mask-image: url(https:\/\/devletialiyye.org.tr\/wp-content\/plugins\/risehand-addons\/assets\/image\/team-shape-1.png); -webkit-mask-image: url(https:\/\/devletialiyye.org.tr\/wp-content\/plugins\/risehand-addons\/assets\/image\/team-shape-1.png);\"> <\/div> <a href=\"https:\/\/devletialiyye.org.tr\/tr\/volunteer\/mehmet-karapinar\/\" class=\"img_link trans\"> <img loading=\"lazy\" decoding=\"async\" width=\"2318\" height=\"2318\" src=\"https:\/\/devletialiyye.org.tr\/wp-content\/uploads\/2023\/12\/4-1.png\" class=\"attachment-risehand-image-370-270 trans size-risehand-image-370-270 trans wp-post-image\" alt=\"\" \/> <\/a> <\/div> <div class=\"content_box\"> <div class=\"title_22 trans\"><a href=\"https:\/\/devletialiyye.org.tr\/tr\/volunteer\/mehmet-karapinar\/\" class=\"mt_0 mb_5 trim-3\">Mehmet KARAPINAR<\/a><\/div> <div class=\"font_special\">Genel Ba\u015fkan Yard\u0131mc\u0131s\u0131 &quot;Te\u015fkilat Komisyon Ba\u015fkan\u0131&quot;<\/div> <\/div><\/div>\n <\/div> <div class=\"col-xl-4 col-lg-4 col-md-6 col-sm-6\"> <div class=\"volunteer-style_1 mb_40 has_images\"> <div class=\"image-box trans img_obj_fit_center\"> <div class=\"spattern_bg trans mask_image\" style=\"mask-image: url(https:\/\/devletialiyye.org.tr\/wp-content\/plugins\/risehand-addons\/assets\/image\/team-shape-1.png); -webkit-mask-image: url(https:\/\/devletialiyye.org.tr\/wp-content\/plugins\/risehand-addons\/assets\/image\/team-shape-1.png);\"> <\/div> <a href=\"https:\/\/devletialiyye.org.tr\/tr\/volunteer\/aytekin-meydan\/\" class=\"img_link trans\"> <img loading=\"lazy\" decoding=\"async\" width=\"2318\" height=\"2318\" src=\"https:\/\/devletialiyye.org.tr\/wp-content\/uploads\/2023\/12\/7-1.png\" class=\"attachment-risehand-image-370-270 trans size-risehand-image-370-270 trans wp-post-image\" alt=\"\" \/> <\/a> <\/div> <div class=\"content_box\"> <div class=\"title_22 trans\"><a href=\"https:\/\/devletialiyye.org.tr\/tr\/volunteer\/aytekin-meydan\/\" class=\"mt_0 mb_5 trim-3\">Aytekin MEYDAN<\/a><\/div> <div class=\"font_special\">Genel Ba\u015fkan Yard\u0131mc\u0131s\u0131 &quot;Sosyal \u0130\u015fler Komisyon Ba\u015fkan\u0131&quot;<\/div> <\/div><\/div>\n <\/div> <div class=\"col-xl-4 col-lg-4 col-md-6 col-sm-6\"> <div class=\"volunteer-style_1 mb_40 has_images\"> <div class=\"image-box trans img_obj_fit_center\"> <div class=\"spattern_bg trans mask_image\" style=\"mask-image: url(https:\/\/devletialiyye.org.tr\/wp-content\/plugins\/risehand-addons\/assets\/image\/team-shape-1.png); -webkit-mask-image: url(https:\/\/devletialiyye.org.tr\/wp-content\/plugins\/risehand-addons\/assets\/image\/team-shape-1.png);\"> <\/div> <a href=\"https:\/\/devletialiyye.org.tr\/tr\/volunteer\/caglar-colak\/\" class=\"img_link trans\"> <img loading=\"lazy\" decoding=\"async\" width=\"2318\" height=\"2318\" src=\"https:\/\/devletialiyye.org.tr\/wp-content\/uploads\/2023\/12\/6-1.png\" class=\"attachment-risehand-image-370-270 trans size-risehand-image-370-270 trans wp-post-image\" alt=\"\" \/> <\/a> <\/div> <div class=\"content_box\"> <div class=\"title_22 trans\"><a href=\"https:\/\/devletialiyye.org.tr\/tr\/volunteer\/caglar-colak\/\" class=\"mt_0 mb_5 trim-3\">\u00c7a\u011flar \u00c7OLAK<\/a><\/div> <div class=\"font_special\">Genel Ba\u015fkan Yard\u0131mc\u0131s\u0131 &quot;Gen\u00e7lik Kollar\u0131 Komisyon Ba\u015fkan\u0131<\/div> <\/div><\/div>\n <\/div> <div class=\"col-xl-4 col-lg-4 col-md-6 col-sm-6\"> <div class=\"volunteer-style_1 mb_40 has_images\"> <div class=\"image-box trans img_obj_fit_center\"> <div class=\"spattern_bg trans mask_image\" style=\"mask-image: url(https:\/\/devletialiyye.org.tr\/wp-content\/plugins\/risehand-addons\/assets\/image\/team-shape-1.png); -webkit-mask-image: url(https:\/\/devletialiyye.org.tr\/wp-content\/plugins\/risehand-addons\/assets\/image\/team-shape-1.png);\"> <\/div> <a href=\"https:\/\/devletialiyye.org.tr\/tr\/volunteer\/prof-dr-ebubekir-sofuoglu\/\" class=\"img_link trans\"> <img loading=\"lazy\" decoding=\"async\" width=\"2318\" height=\"2318\" src=\"https:\/\/devletialiyye.org.tr\/wp-content\/uploads\/2023\/12\/8.png\" class=\"attachment-risehand-image-370-270 trans size-risehand-image-370-270 trans wp-post-image\" alt=\"\" \/> <\/a> <\/div> <div class=\"content_box\"> <div class=\"title_22 trans\"><a href=\"https:\/\/devletialiyye.org.tr\/tr\/volunteer\/prof-dr-ebubekir-sofuoglu\/\" class=\"mt_0 mb_5 trim-3\">Prof.Dr.Ebubekir SOFUO\u011eLU<\/a><\/div> <div class=\"font_special\">Genel Ba\u015fkan Yard\u0131mc\u0131s\u0131 &quot;E\u011fitim Komisyon Ba\u015fkan\u0131&quot;<\/div> <\/div><\/div>\n <\/div> <div class=\"col-xl-4 col-lg-4 col-md-6 col-sm-6\"> <div class=\"volunteer-style_1 mb_40 has_images\"> <div class=\"image-box trans img_obj_fit_center\"> <div class=\"spattern_bg trans mask_image\" style=\"mask-image: url(https:\/\/devletialiyye.org.tr\/wp-content\/plugins\/risehand-addons\/assets\/image\/team-shape-1.png); -webkit-mask-image: url(https:\/\/devletialiyye.org.tr\/wp-content\/plugins\/risehand-addons\/assets\/image\/team-shape-1.png);\"> <\/div> <a href=\"https:\/\/devletialiyye.org.tr\/tr\/volunteer\/oguzhan-aydogdu\/\" class=\"img_link trans\"> <img loading=\"lazy\" decoding=\"async\" width=\"2318\" height=\"2318\" src=\"https:\/\/devletialiyye.org.tr\/wp-content\/uploads\/2023\/12\/5-1.png\" class=\"attachment-risehand-image-370-270 trans size-risehand-image-370-270 trans wp-post-image\" alt=\"\" \/> <\/a> <\/div> <div class=\"content_box\"> <div class=\"title_22 trans\"><a href=\"https:\/\/devletialiyye.org.tr\/tr\/volunteer\/oguzhan-aydogdu\/\" class=\"mt_0 mb_5 trim-3\">O\u011fuzhan AYDO\u011eDU<\/a><\/div> <div class=\"font_special\">Genel Ba\u015fkan Yard\u0131mc\u0131s\u0131 &quot;Medya ve Tan\u0131t\u0131m Komisyon Ba\u015fkan\u0131&quot;<\/div> <\/div><\/div>\n <\/div> <\/div> <\/section>\r\n\t\t\t\t<\/div>\n\t\t\t\t<\/div>\n\t\t\t\t\t<\/div>\n\t\t<\/div>\n\t\t\t\t\t<\/div>\n\t\t<\/section>\n\t\t\t\t<\/div>","protected":false},"excerpt":{"rendered":"<p>\u015eehzade Abd\u00fclhamid Kay\u0131han OSMANO\u011eLU Genel Ba\u015fkan Ahmet Zahit D\u0130ZDAR Genel Ba\u015fkan Vekili \u0130hsan DEN\u0130Z Genel Sekreter Mehmet KARAPINAR Genel Ba\u015fkan Yard\u0131mc\u0131s\u0131 &quot;Te\u015fkilat Komisyon Ba\u015fkan\u0131&quot; Aytekin MEYDAN Genel Ba\u015fkan Yard\u0131mc\u0131s\u0131 &quot;Sosyal \u0130\u015fler Komisyon Ba\u015fkan\u0131&quot; \u00c7a\u011flar \u00c7OLAK Genel Ba\u015fkan Yard\u0131mc\u0131s\u0131 &quot;Gen\u00e7lik Kollar\u0131 Komisyon Ba\u015fkan\u0131 Prof.Dr.Ebubekir SOFUO\u011eLU Genel Ba\u015fkan Yard\u0131mc\u0131s\u0131 &quot;E\u011fitim Komisyon Ba\u015fkan\u0131&quot; O\u011fuzhan AYDO\u011eDU Genel Ba\u015fkan Yard\u0131mc\u0131s\u0131 [&hellip;]<\/p>","protected":false},"author":1,"featured_media":0,"parent":0,"menu_order":0,"comment_status":"closed","ping_status":"closed","template":"template-fullwidth.php","meta":{"footnotes":""},"class_list":["post-2969","page","type-page","status-publish","hentry"],"_links":{"self":[{"href":"https:\/\/devletialiyye.org.tr\/tr\/wp-json\/wp\/v2\/pages\/2969","targetHints":{"allow":["GET"]}}],"collection":[{"href":"https:\/\/devletialiyye.org.tr\/tr\/wp-json\/wp\/v2\/pages"}],"about":[{"href":"https:\/\/devletialiyye.org.tr\/tr\/wp-json\/wp\/v2\/types\/page"}],"author":[{"embeddable":true,"href":"https:\/\/devletialiyye.org.tr\/tr\/wp-json\/wp\/v2\/users\/1"}],"replies":[{"embeddable":true,"href":"https:\/\/devletialiyye.org.tr\/tr\/wp-json\/wp\/v2\/comments?post=2969"}],"version-history":[{"count":14,"href":"https:\/\/devletialiyye.org.tr\/tr\/wp-json\/wp\/v2\/pages\/2969\/revisions"}],"predecessor-version":[{"id":7232,"href":"https:\/\/devletialiyye.org.tr\/tr\/wp-json\/wp\/v2\/pages\/2969\/revisions\/7232"}],"wp:attachment":[{"href":"https:\/\/devletialiyye.org.tr\/tr\/wp-json\/wp\/v2\/media?parent=2969"}],"curies":[{"name":"wp","href":"https:\/\/api.w.org\/{rel}","templated":true}]}}