{"id":2972,"date":"2024-01-19T07:14:18","date_gmt":"2024-01-19T07:14:18","guid":{"rendered":"https:\/\/themepanthers.com\/wp\/risehand\/el\/?page_id=2972"},"modified":"2024-10-14T19:23:08","modified_gmt":"2024-10-14T19:23:08","slug":"iletisim","status":"publish","type":"page","link":"https:\/\/devletialiyye.org.tr\/tr\/iletisim\/","title":{"rendered":"\u0130leti\u015fim"},"content":{"rendered":"<div data-elementor-type=\"wp-page\" data-elementor-id=\"2972\" class=\"elementor elementor-2972\">\n\t\t\t\t\t\t<section class=\"elementor-section elementor-top-section elementor-element elementor-element-9124a1a elementor-section-boxed elementor-section-height-default elementor-section-height-default\" data-id=\"9124a1a\" data-element_type=\"section\" data-e-type=\"section\" data-settings=\"{&quot;background_background&quot;:&quot;classic&quot;}\">\n\t\t\t\t\t\t<div class=\"elementor-container elementor-column-gap-extended\">\n\t\t\t\t\t<div class=\"elementor-column elementor-col-50 elementor-top-column elementor-element elementor-element-daba66a\" data-id=\"daba66a\" data-element_type=\"column\" data-e-type=\"column\">\n\t\t\t<div class=\"elementor-widget-wrap elementor-element-populated\">\n\t\t\t\t\t\t<div class=\"elementor-element elementor-element-0283a9e elementor-widget elementor-widget-risehand-title-v1\" data-id=\"0283a9e\" data-element_type=\"widget\" data-e-type=\"widget\" data-widget_type=\"risehand-title-v1.default\">\n\t\t\t\t<div class=\"elementor-widget-container\">\n\t\t\t\t\t \r\n<div class=\"title_all_box style_one dark_color\">\r\n <div class=\"before_title pb_15 d_flex align-items-center\">\r\n <div class=\"icon_box\">\r\n <div class=\"icon\">\r\n <span class=\"risehand-002-healthcare\"><\/span>\r\n <\/div>\r\n <\/div>\r\n <div class=\"sub_title font_special\">\r\n \u0130leti\u015fim <\/div>\r\n <\/div>\r\n <h2 class=\"title_no_a_46 mb_0 pb_20\">\r\n Devlet-i Aliyye Ocaklar\u0131 <\/h2>\r\n <\/div>\r\n\r\n\t\t\t\t<\/div>\n\t\t\t\t<\/div>\n\t\t\t\t<div class=\"elementor-element elementor-element-c29590e elementor-widget elementor-widget-risehand-contact-box-v1\" data-id=\"c29590e\" data-element_type=\"widget\" data-e-type=\"widget\" data-widget_type=\"risehand-contact-box-v1.default\">\n\t\t\t\t<div class=\"elementor-widget-container\">\n\t\t\t\t\t<div class=\"contact_style_two trans dark\"><div class=\"contnet\"> <div class=\"address d_flex common\"><i class=\"risehand-map-pin\"><\/i><div class=\"outer\"><div class=\"title_no_a_20\">Adres<\/div><p>Burhaniye, Burhaniye Abdullaha\u011fa Cd. No:33\/2\nD: -1, 34676 \u00dcsk\u00fcdar\/\u0130stanbul<\/p><\/div><\/div><div class=\"mail common d_flex\"><i class=\"risehand-mail\"><\/i><div class=\"outer\"><div class=\"title_no_a_20\">Email<\/div><p><a href=\"mailto:bilgi@devletialiyye.org.tr\">bilgi@devletialiyye.org.tr<\/a><\/p><\/div> <\/div> <div class=\"phone common d_flex\"><i class=\"risehand-phone\"><\/i><div class=\"outer\"><div class=\"title_no_a_20\">Telefon<\/div><p><a href=\"tel:+90 0850 840 1299\">+90 0850 840 1299\n\n<\/a><\/p><\/div> <\/div> <\/div><\/div>\n\t\t\t\t<\/div>\n\t\t\t\t<\/div>\n\t\t\t\t<div class=\"elementor-element elementor-element-1a7591d elementor-widget elementor-widget-risehand-social-media-v1\" data-id=\"1a7591d\" data-element_type=\"widget\" data-e-type=\"widget\" data-widget_type=\"risehand-social-media-v1.default\">\n\t\t\t\t<div class=\"elementor-widget-container\">\n\t\t\t\t\t <div class=\"social-icons trans\"> <ul> <li class=\"trans\"> <small class=\"trans\">Facebook<\/small> <a href=\"https:\/\/www.facebook.com\/DevletiAliyeOcaklari\/\" class=\"m_icon\" target=\"&quot;_blank&quot;\" rel=\"&quot;nofollow&quot;\"> <span class=\"risehand-facebook\"><\/span> <\/a> <\/li> <li class=\"trans\"> <small class=\"trans\">Twitter<\/small> <a href=\"https:\/\/twitter.com\/DevletialiyyeO\" class=\"m_icon\" target=\"&quot;_blank&quot;\" rel=\"&quot;nofollow&quot;\"> <span class=\"risehand-twitter\"><\/span> <\/a> <\/li> <li class=\"trans\"> <small class=\"trans\">\u0130nstagram<\/small> <a href=\"https:\/\/www.instagram.com\/devletialiyyeocaklari\/\" class=\"m_icon\" target=\"&quot;_blank&quot;\" rel=\"&quot;nofollow&quot;\"> <span class=\"risehand-instagram1\"><\/span> <\/a> <\/li> <li class=\"trans\"> <small class=\"trans\">Youtube<\/small> <a href=\"https:\/\/www.youtube.com\/channel\/UCsGmrWi7Dkm3xMI076KIm3g?view_as=subscriber\" class=\"m_icon\" target=\"&quot;_blank&quot;\" rel=\"&quot;nofollow&quot;\"> <span class=\"risehand-youtube\"><\/span> <\/a> <\/li> <\/ul><\/div>\n \t\t\t\t<\/div>\n\t\t\t\t<\/div>\n\t\t\t\t\t<\/div>\n\t\t<\/div>\n\t\t\t\t<div class=\"elementor-column elementor-col-50 elementor-top-column elementor-element elementor-element-506c179\" data-id=\"506c179\" data-element_type=\"column\" data-e-type=\"column\" data-settings=\"{&quot;background_background&quot;:&quot;classic&quot;}\">\n\t\t\t<div class=\"elementor-widget-wrap elementor-element-populated\">\n\t\t\t\t\t\t<div class=\"elementor-element elementor-element-2f30472 elementor-widget elementor-widget-risehand-contact-form-v1\" data-id=\"2f30472\" data-element_type=\"widget\" data-e-type=\"widget\" data-widget_type=\"risehand-contact-form-v1.default\">\n\t\t\t\t<div class=\"elementor-widget-container\">\n\t\t\t\t\t<section class=\"contact_form_box_all\"> \n<div class=\"wpcf7 no-js\" id=\"wpcf7-f7-o1\" lang=\"tr-TR\" dir=\"ltr\" data-wpcf7-id=\"7\">\n<div class=\"screen-reader-response\"><p role=\"status\" aria-live=\"polite\" aria-atomic=\"true\"><\/p> <ul><\/ul><\/div>\n<form action=\"\/tr\/wp-json\/wp\/v2\/pages\/2972#wpcf7-f7-o1\" method=\"post\" class=\"wpcf7-form init\" aria-label=\"\u0130leti\u015fim Formu\" novalidate=\"novalidate\" data-status=\"init\" data-trp-original-action=\"\/tr\/wp-json\/wp\/v2\/pages\/2972#wpcf7-f7-o1\">\n<fieldset class=\"hidden-fields-container\"><input type=\"hidden\" name=\"_wpcf7\" value=\"7\" \/><input type=\"hidden\" name=\"_wpcf7_version\" value=\"6.1.3\" \/><input type=\"hidden\" name=\"_wpcf7_locale\" value=\"tr_TR\" \/><input type=\"hidden\" name=\"_wpcf7_unit_tag\" value=\"wpcf7-f7-o1\" \/><input type=\"hidden\" name=\"_wpcf7_container_post\" value=\"0\" \/><input type=\"hidden\" name=\"_wpcf7_posted_data_hash\" value=\"\" \/>\n<\/fieldset>\n<p><label> Ad\u0131n\u0131z Soyad\u0131n\u0131z<br \/>\n<span class=\"wpcf7-form-control-wrap\" data-name=\"your-name\"><input size=\"40\" maxlength=\"400\" class=\"wpcf7-form-control wpcf7-text wpcf7-validates-as-required\" autocomplete=\"name\" aria-required=\"true\" aria-invalid=\"false\" value=\"\" type=\"text\" name=\"your-name\" \/><\/span> <\/label>\n<\/p>\n<p><label> Email Adresiniz<br \/>\n<span class=\"wpcf7-form-control-wrap\" data-name=\"your-email\"><input size=\"40\" maxlength=\"400\" class=\"wpcf7-form-control wpcf7-email wpcf7-validates-as-required wpcf7-text wpcf7-validates-as-email\" autocomplete=\"email\" aria-required=\"true\" aria-invalid=\"false\" value=\"\" type=\"email\" name=\"your-email\" \/><\/span> <\/label>\n<\/p>\n<p><label> Konu<br \/>\n<span class=\"wpcf7-form-control-wrap\" data-name=\"your-subject\"><input size=\"40\" maxlength=\"400\" class=\"wpcf7-form-control wpcf7-text wpcf7-validates-as-required\" aria-required=\"true\" aria-invalid=\"false\" value=\"\" type=\"text\" name=\"your-subject\" \/><\/span> <\/label>\n<\/p>\n<p><label> Mesaj\u0131n\u0131z (opsiyonel)<br \/>\n<span class=\"wpcf7-form-control-wrap\" data-name=\"your-message\"><textarea cols=\"40\" rows=\"10\" maxlength=\"2000\" class=\"wpcf7-form-control wpcf7-textarea\" aria-invalid=\"false\" name=\"your-message\"><\/textarea><\/span> <\/label>\n<\/p>\n<p><input class=\"wpcf7-form-control wpcf7-submit has-spinner\" type=\"submit\" value=\"G\u00f6nder\" \/>\n<\/p><div class=\"wpcf7-response-output\" aria-hidden=\"true\"><\/div>\n<input type=\"hidden\" name=\"trp-form-language\" value=\"tr\"\/><\/form>\n<\/div>\n <\/section>\n\t\t\t\t<\/div>\n\t\t\t\t<\/div>\n\t\t\t\t<div class=\"elementor-element elementor-element-9eb68a5 elementor-absolute elementor-widget elementor-widget-image\" data-id=\"9eb68a5\" data-element_type=\"widget\" data-e-type=\"widget\" data-settings=\"{&quot;_position&quot;:&quot;absolute&quot;}\" data-widget_type=\"image.default\">\n\t\t\t\t<div class=\"elementor-widget-container\">\n\t\t\t\t\t\t\t\t\t\t\t\t\t\t\t<img fetchpriority=\"high\" decoding=\"async\" width=\"801\" height=\"707\" src=\"https:\/\/devletialiyye.org.tr\/wp-content\/uploads\/2024\/01\/contact-pat-1-1.png\" class=\"attachment-large size-large wp-image-1430\" alt=\"\" srcset=\"https:\/\/devletialiyye.org.tr\/wp-content\/uploads\/2024\/01\/contact-pat-1-1.png 801w, https:\/\/devletialiyye.org.tr\/wp-content\/uploads\/2024\/01\/contact-pat-1-1-600x530.png 600w, https:\/\/devletialiyye.org.tr\/wp-content\/uploads\/2024\/01\/contact-pat-1-1-300x265.png 300w, https:\/\/devletialiyye.org.tr\/wp-content\/uploads\/2024\/01\/contact-pat-1-1-768x678.png 768w\" sizes=\"(max-width: 801px) 100vw, 801px\" \/>\t\t\t\t\t\t\t\t\t\t\t\t\t\t\t<\/div>\n\t\t\t\t<\/div>\n\t\t\t\t\t<\/div>\n\t\t<\/div>\n\t\t\t\t\t<\/div>\n\t\t<\/section>\n\t\t\t\t<\/div>","protected":false},"excerpt":{"rendered":"<p>\u0130leti\u015fim Devlet-i Aliyye Ocaklar\u0131 Adres Burhaniye, Burhaniye Abdullaha\u011fa Cd. No:33\/2 D: -1, 34676 \u00dcsk\u00fcdar\/\u0130stanbul Email bilgi@devletialiyye.org.tr Telefon +90 0850 840 1299 Facebook Twitter \u0130nstagram Youtube Ad\u0131n\u0131z Soyad\u0131n\u0131z Email Adresiniz Konu Mesaj\u0131n\u0131z (optional)<\/p>","protected":false},"author":1,"featured_media":0,"parent":0,"menu_order":0,"comment_status":"closed","ping_status":"closed","template":"template-fullwidth.php","meta":{"footnotes":""},"class_list":["post-2972","page","type-page","status-publish","hentry"],"_links":{"self":[{"href":"https:\/\/devletialiyye.org.tr\/tr\/wp-json\/wp\/v2\/pages\/2972","targetHints":{"allow":["GET"]}}],"collection":[{"href":"https:\/\/devletialiyye.org.tr\/tr\/wp-json\/wp\/v2\/pages"}],"about":[{"href":"https:\/\/devletialiyye.org.tr\/tr\/wp-json\/wp\/v2\/types\/page"}],"author":[{"embeddable":true,"href":"https:\/\/devletialiyye.org.tr\/tr\/wp-json\/wp\/v2\/users\/1"}],"replies":[{"embeddable":true,"href":"https:\/\/devletialiyye.org.tr\/tr\/wp-json\/wp\/v2\/comments?post=2972"}],"version-history":[{"count":12,"href":"https:\/\/devletialiyye.org.tr\/tr\/wp-json\/wp\/v2\/pages\/2972\/revisions"}],"predecessor-version":[{"id":6346,"href":"https:\/\/devletialiyye.org.tr\/tr\/wp-json\/wp\/v2\/pages\/2972\/revisions\/6346"}],"wp:attachment":[{"href":"https:\/\/devletialiyye.org.tr\/tr\/wp-json\/wp\/v2\/media?parent=2972"}],"curies":[{"name":"wp","href":"https:\/\/api.w.org\/{rel}","templated":true}]}}