{"id":3095,"date":"2024-01-19T07:23:44","date_gmt":"2024-01-19T07:23:44","guid":{"rendered":"https:\/\/themepanthers.com\/wp\/risehand\/el\/?page_id=3095"},"modified":"2024-10-15T22:37:04","modified_gmt":"2024-10-15T22:37:04","slug":"uyelik","status":"publish","type":"page","link":"https:\/\/devletialiyye.org.tr\/tr\/uyelik\/","title":{"rendered":"\u00dcyelik"},"content":{"rendered":"<div data-elementor-type=\"wp-page\" data-elementor-id=\"3095\" class=\"elementor elementor-3095\">\n\t\t\t\t\t\t<section class=\"elementor-section elementor-top-section elementor-element elementor-element-51a48c7 elementor-section-full_width elementor-section-height-default elementor-section-height-default\" data-id=\"51a48c7\" data-element_type=\"section\" data-e-type=\"section\">\n\t\t\t\t\t\t<div class=\"elementor-container elementor-column-gap-no\">\n\t\t\t\t\t<div class=\"elementor-column elementor-col-100 elementor-top-column elementor-element elementor-element-60dd1bf\" data-id=\"60dd1bf\" data-element_type=\"column\" data-e-type=\"column\">\n\t\t\t<div class=\"elementor-widget-wrap elementor-element-populated\">\n\t\t\t\t\t\t<div class=\"elementor-element elementor-element-1229bb3 elementor-widget elementor-widget-image\" data-id=\"1229bb3\" data-element_type=\"widget\" data-e-type=\"widget\" data-widget_type=\"image.default\">\n\t\t\t\t<div class=\"elementor-widget-container\">\n\t\t\t\t\t\t\t\t\t\t\t\t\t\t\t<img fetchpriority=\"high\" decoding=\"async\" width=\"185\" height=\"300\" src=\"https:\/\/devletialiyye.org.tr\/wp-content\/uploads\/2024\/10\/338006485_1913322005686490_1451108281878381841_n-185x300-1.jpg\" class=\"attachment-large size-large wp-image-6559\" alt=\"\" srcset=\"https:\/\/devletialiyye.org.tr\/wp-content\/uploads\/2024\/10\/338006485_1913322005686490_1451108281878381841_n-185x300-1.jpg 185w, https:\/\/devletialiyye.org.tr\/wp-content\/uploads\/2024\/10\/338006485_1913322005686490_1451108281878381841_n-185x300-1-7x12.jpg 7w\" sizes=\"(max-width: 185px) 100vw, 185px\" \/>\t\t\t\t\t\t\t\t\t\t\t\t\t\t\t<\/div>\n\t\t\t\t<\/div>\n\t\t\t\t<div class=\"elementor-element elementor-element-17d2595 elementor-widget elementor-widget-text-editor\" data-id=\"17d2595\" data-element_type=\"widget\" data-e-type=\"widget\" data-widget_type=\"text-editor.default\">\n\t\t\t\t<div class=\"elementor-widget-container\">\n\t\t\t\t\t\t\t\t\t<h4 style=\"text-align: center;\"><em><strong>KIYMETL\u0130 DAVA KARDE\u015eLER\u0130M;<\/strong><\/em><\/h4><h5 style=\"text-align: center;\"><em><strong>\u201cKutlu ecdad\u0131m\u0131z\u0131n izinde, DEVLET-\u0130 AL\u0130YYE OCAKLARI \u00e7at\u0131s\u0131 alt\u0131nda ULU ECDADIMIZIN y\u00fcce miras\u0131n\u0131 ya\u015fatma yolunda birlikte y\u00fcr\u00fcyelim.<\/strong><\/em><\/h5><h5 style=\"text-align: center;\"><em><strong>Zalime kar\u015f\u0131 mazlumun yan\u0131nda olmak, umut \u0131\u015f\u0131\u011f\u0131 olmak, bizim en k\u0131ymetli miras\u0131m\u0131zd\u0131r.<\/strong><\/em><\/h5><h6 style=\"text-align: center;\"><em><strong>\u015eimdi, birlikte yola \u00e7\u0131karak ECDAD miras\u0131na sahip \u00e7\u0131kmak i\u00e7in a\u015fa\u011f\u0131daki formu doldural\u0131m ve bu kutsal yolda birlikte ilerleyelim.\u201d<\/strong><\/em><\/h6><h4 style=\"text-align: center;\"><em><strong>\u015eehzade Abd\u00fclhamid Kay\u0131han OSMANO\u011eLU<\/strong><\/em><\/h4><h4 style=\"text-align: center;\"><em><strong>Devlet-i Aliyye Ocaklar\u0131 Genel Ba\u015fkan\u0131<\/strong><\/em><\/h4>\t\t\t\t\t\t\t\t<\/div>\n\t\t\t\t<\/div>\n\t\t\t\t<div class=\"elementor-element elementor-element-30a1599 elementor-widget elementor-widget-shortcode\" data-id=\"30a1599\" data-element_type=\"widget\" data-e-type=\"widget\" data-widget_type=\"shortcode.default\">\n\t\t\t\t<div class=\"elementor-widget-container\">\n\t\t\t\t\t\t\t<div class=\"elementor-shortcode\">[wpforms id=\"6547\"]\t<\/div>\n\t\t\t\t\t\t<\/div>\n\t\t\t\t<\/div>\n\t\t\t\t<div class=\"elementor-element elementor-element-358e66b elementor-widget elementor-widget-text-editor\" data-id=\"358e66b\" data-element_type=\"widget\" data-e-type=\"widget\" data-widget_type=\"text-editor.default\">\n\t\t\t\t<div class=\"elementor-widget-container\">\n\t\t\t\t\t\t\t\t\t<h3 style=\"text-align: center;\"><em><strong>Fahri \u00dcyelik Nedir ?<\/strong><\/em><\/h3><div class=\"w-full text-token-text-primary\" dir=\"auto\" data-testid=\"conversation-turn-3\" data-scroll-anchor=\"false\"><div class=\"py-2 px-3 text-base md:px-4 m-auto md:px-5 lg:px-1 xl:px-5\"><div class=\"mx-auto flex flex-1 gap-3 text-base juice:gap-4 juice:md:gap-6 md:max-w-3xl lg:max-w-[40rem] xl:max-w-[48rem]\"><div class=\"relative flex w-full min-w-0 flex-col agent-turn\"><div class=\"flex-col gap-1 md:gap-3\"><div class=\"flex flex-grow flex-col max-w-full\"><div class=\"min-h-[20px] text-message flex flex-col items-start whitespace-pre-wrap break-words [.text-message+&amp;]:mt-5 overflow-x-auto gap-3\" dir=\"auto\" data-message-author-role=\"assistant\" data-message-id=\"9bc25b0d-080f-47de-95d9-138ac1e009f3\"><div class=\"markdown prose w-full break-words dark:prose-invert light\"><h6 style=\"text-align: center;\"><em><strong>Fahri \u00fcyelik, bir kurulu\u015f veya topluluk taraf\u0131ndan belirli bir ki\u015fiye, o kurulu\u015f veya toplulu\u011fa \u00f6nemli katk\u0131lar sa\u011flam\u0131\u015f veya o kurulu\u015fun de\u011ferlerini benimsemi\u015f olan ki\u015filere verilen onur niteli\u011finde bir \u00fcyelik stat\u00fcs\u00fcd\u00fcr. Bu t\u00fcr \u00fcyelik genellikle onursal \u00fcyelik olarak da adland\u0131r\u0131l\u0131r. Fahri \u00fcyeler genellikle o kurulu\u015fun etkinliklerine kat\u0131lmak, dan\u0131\u015fmanl\u0131k yapmak veya onlara destek olmak gibi rolleri \u00fcstlenirler, ancak kurulu\u015fun resmi \u00fcyeleri gibi tam yetkilere sahip de\u011fillerdir. Bu \u00fcyelik, kurulu\u015fun misyonunu ve \u00e7al\u0131\u015fmalar\u0131n\u0131 destekleyen ki\u015filere te\u015fekk\u00fcr etmek ve onlar\u0131 \u00f6d\u00fcllendirmek amac\u0131yla verilir.<\/strong><\/em><\/h6><\/div><\/div><\/div><\/div><\/div><\/div><\/div><\/div>\t\t\t\t\t\t\t\t<\/div>\n\t\t\t\t<\/div>\n\t\t\t\t\t<\/div>\n\t\t<\/div>\n\t\t\t\t\t<\/div>\n\t\t<\/section>\n\t\t\t\t<\/div>","protected":false},"excerpt":{"rendered":"<p>KIYMETL\u0130 DAVA KARDE\u015eLER\u0130M; \u201cKutlu ecdad\u0131m\u0131z\u0131n izinde, DEVLET-\u0130 AL\u0130YYE OCAKLARI \u00e7at\u0131s\u0131 alt\u0131nda ULU ECDADIMIZIN y\u00fcce miras\u0131n\u0131 ya\u015fatma yolunda birlikte y\u00fcr\u00fcyelim. Zalime kar\u015f\u0131 mazlumun yan\u0131nda olmak, umut \u0131\u015f\u0131\u011f\u0131 olmak, bizim en k\u0131ymetli miras\u0131m\u0131zd\u0131r. \u015eimdi, birlikte yola \u00e7\u0131karak ECDAD miras\u0131na sahip \u00e7\u0131kmak i\u00e7in a\u015fa\u011f\u0131daki formu doldural\u0131m ve bu kutsal yolda birlikte ilerleyelim.\u201d \u015eehzade Abd\u00fclhamid Kay\u0131han OSMANO\u011eLU Devlet-i Aliyye [&hellip;]<\/p>","protected":false},"author":1,"featured_media":0,"parent":0,"menu_order":0,"comment_status":"closed","ping_status":"closed","template":"","meta":{"footnotes":""},"class_list":["post-3095","page","type-page","status-publish","hentry"],"_links":{"self":[{"href":"https:\/\/devletialiyye.org.tr\/tr\/wp-json\/wp\/v2\/pages\/3095","targetHints":{"allow":["GET"]}}],"collection":[{"href":"https:\/\/devletialiyye.org.tr\/tr\/wp-json\/wp\/v2\/pages"}],"about":[{"href":"https:\/\/devletialiyye.org.tr\/tr\/wp-json\/wp\/v2\/types\/page"}],"author":[{"embeddable":true,"href":"https:\/\/devletialiyye.org.tr\/tr\/wp-json\/wp\/v2\/users\/1"}],"replies":[{"embeddable":true,"href":"https:\/\/devletialiyye.org.tr\/tr\/wp-json\/wp\/v2\/comments?post=3095"}],"version-history":[{"count":13,"href":"https:\/\/devletialiyye.org.tr\/tr\/wp-json\/wp\/v2\/pages\/3095\/revisions"}],"predecessor-version":[{"id":6698,"href":"https:\/\/devletialiyye.org.tr\/tr\/wp-json\/wp\/v2\/pages\/3095\/revisions\/6698"}],"wp:attachment":[{"href":"https:\/\/devletialiyye.org.tr\/tr\/wp-json\/wp\/v2\/media?parent=3095"}],"curies":[{"name":"wp","href":"https:\/\/api.w.org\/{rel}","templated":true}]}}