{"id":6298,"date":"2024-10-13T21:43:52","date_gmt":"2024-10-13T21:43:52","guid":{"rendered":"https:\/\/ahmetbaltaci.net.tr\/devlet\/?post_type=product&#038;p=6298"},"modified":"2026-04-16T14:23:08","modified_gmt":"2026-04-16T14:23:08","slug":"sukur-kurbani","status":"publish","type":"product","link":"https:\/\/devletialiyye.org.tr\/tr\/urun\/sukur-kurbani\/","title":{"rendered":"\u015e\u00fck\u00fcr Kurban\u0131"},"content":{"rendered":"","protected":false},"excerpt":{"rendered":"<p><strong>Afrika Standartlar\u0131nda<\/strong> k\u00fc\u00e7\u00fckba\u015f kurbanl\u0131kt\u0131r.<\/p>","protected":false},"featured_media":6280,"template":"","meta":[],"product_brand":[],"product_cat":[15],"product_tag":[],"class_list":{"0":"post-6298","1":"product","2":"type-product","3":"status-publish","4":"has-post-thumbnail","6":"product_cat-genel","8":"first","9":"instock","10":"shipping-taxable","11":"purchasable","12":"product-type-variable","13":"has-default-attributes"},"_links":{"self":[{"href":"https:\/\/devletialiyye.org.tr\/tr\/wp-json\/wp\/v2\/product\/6298","targetHints":{"allow":["GET"]}}],"collection":[{"href":"https:\/\/devletialiyye.org.tr\/tr\/wp-json\/wp\/v2\/product"}],"about":[{"href":"https:\/\/devletialiyye.org.tr\/tr\/wp-json\/wp\/v2\/types\/product"}],"version-history":[{"count":4,"href":"https:\/\/devletialiyye.org.tr\/tr\/wp-json\/wp\/v2\/product\/6298\/revisions"}],"predecessor-version":[{"id":7272,"href":"https:\/\/devletialiyye.org.tr\/tr\/wp-json\/wp\/v2\/product\/6298\/revisions\/7272"}],"wp:featuredmedia":[{"embeddable":true,"href":"https:\/\/devletialiyye.org.tr\/tr\/wp-json\/wp\/v2\/media\/6280"}],"wp:attachment":[{"href":"https:\/\/devletialiyye.org.tr\/tr\/wp-json\/wp\/v2\/media?parent=6298"}],"wp:term":[{"taxonomy":"product_brand","embeddable":true,"href":"https:\/\/devletialiyye.org.tr\/tr\/wp-json\/wp\/v2\/product_brand?post=6298"},{"taxonomy":"product_cat","embeddable":true,"href":"https:\/\/devletialiyye.org.tr\/tr\/wp-json\/wp\/v2\/product_cat?post=6298"},{"taxonomy":"product_tag","embeddable":true,"href":"https:\/\/devletialiyye.org.tr\/tr\/wp-json\/wp\/v2\/product_tag?post=6298"}],"curies":[{"name":"wp","href":"https:\/\/api.w.org\/{rel}","templated":true}]}}