{"id":6716,"date":"2025-01-02T19:16:57","date_gmt":"2025-01-02T19:16:57","guid":{"rendered":"https:\/\/devletialiyye.org.tr\/?post_type=product&#038;p=6716"},"modified":"2025-12-26T18:31:28","modified_gmt":"2025-12-26T18:31:28","slug":"hamidiye-kulliyesi","status":"publish","type":"product","link":"https:\/\/devletialiyye.org.tr\/tr\/urun\/hamidiye-kulliyesi\/","title":{"rendered":"Hamidiye K\u00fclliyesi"},"content":{"rendered":"<div data-elementor-type=\"wp-post\" data-elementor-id=\"6716\" class=\"elementor elementor-6716\">\n\t\t\t\t\t\t<section class=\"elementor-section elementor-top-section elementor-element elementor-element-36e5cba7 elementor-section-boxed elementor-section-height-default elementor-section-height-default\" data-id=\"36e5cba7\" data-element_type=\"section\" data-e-type=\"section\">\n\t\t\t\t\t\t<div class=\"elementor-container elementor-column-gap-default\">\n\t\t\t\t\t<div class=\"elementor-column elementor-col-100 elementor-top-column elementor-element elementor-element-5b60dd8f\" data-id=\"5b60dd8f\" data-element_type=\"column\" data-e-type=\"column\">\n\t\t\t<div class=\"elementor-widget-wrap elementor-element-populated\">\n\t\t\t\t\t\t<div class=\"elementor-element elementor-element-5240c5ec elementor-widget elementor-widget-text-editor\" data-id=\"5240c5ec\" data-element_type=\"widget\" data-e-type=\"widget\" data-widget_type=\"text-editor.default\">\n\t\t\t\t<div class=\"elementor-widget-container\">\n\t\t\t\t\t\t\t\t\t\u201cDevleti Aliyye Ocaklar\u0131 \r\n\r\nAnkara \u0130l Te\u015fkilat\u0131 liderli\u011finde Osmanl\u0131 medeniyetini ihya edecek bir projeyi hayata ge\u00e7iriyor. E\u011fitim, ilim ve edep \u00fczerine in\u015fa edilecek Hamidiye Medreseleri K\u00fclliyesi\u2019nin temeli at\u0131l\u0131yor. K\u00fclliye; Sultan Vahid\u00fcddin Han Camii, 4 medrese, Osmanl\u0131 hamam\u0131, imarethane ve tabhanelerden olu\u015facak. Proje, Rabban\u00ee \u00e2limlerin yeti\u015fece\u011fi, \u00fcmmetin izzetini y\u00fckseltecek bir dirili\u015f merkezi olmay\u0131 hedefliyor.\r\n\r\nGenel Ba\u015fkan\u0131m\u0131z \u015eehzade Abd\u00fclhamid Kay\u0131han Osmano\u011flu \u00f6nderli\u011finde, Osmanl\u0131 miras\u0131n\u0131 gelece\u011fe ta\u015f\u0131ma gayesiyle hareket eden Devleti Aliyye Ocaklar\u0131, bu projeyle \u0130slam medeniyetinin \u015fahlan\u0131\u015f\u0131na vesile olmay\u0131 ama\u00e7l\u0131yor. Dualar\u0131n\u0131z\u0131 ve desteklerinizi bekliyoruz.\u201d\t\t\t\t\t\t\t\t<\/div>\n\t\t\t\t<\/div>\n\t\t\t\t\t<\/div>\n\t\t<\/div>\n\t\t\t\t\t<\/div>\n\t\t<\/section>\n\t\t\t\t<section class=\"elementor-section elementor-top-section elementor-element elementor-element-478ae24 elementor-section-boxed elementor-section-height-default elementor-section-height-default\" data-id=\"478ae24\" data-element_type=\"section\" data-e-type=\"section\">\n\t\t\t\t\t\t<div class=\"elementor-container elementor-column-gap-default\">\n\t\t\t\t\t<div class=\"elementor-column elementor-col-100 elementor-top-column elementor-element elementor-element-5d98925\" data-id=\"5d98925\" data-element_type=\"column\" data-e-type=\"column\">\n\t\t\t<div class=\"elementor-widget-wrap elementor-element-populated\">\n\t\t\t\t\t\t<div class=\"elementor-element elementor-element-360e14a elementor-widget elementor-widget-video\" data-id=\"360e14a\" data-element_type=\"widget\" data-e-type=\"widget\" data-settings=\"{&quot;youtube_url&quot;:&quot;https:\\\/\\\/youtu.be\\\/mr-wzguClts&quot;,&quot;video_type&quot;:&quot;youtube&quot;,&quot;controls&quot;:&quot;yes&quot;}\" data-widget_type=\"video.default\">\n\t\t\t\t<div class=\"elementor-widget-container\">\n\t\t\t\t\t\t\t<div class=\"elementor-wrapper elementor-open-inline\">\n\t\t\t<div class=\"elementor-video\"><\/div>\t\t<\/div>\n\t\t\t\t\t\t<\/div>\n\t\t\t\t<\/div>\n\t\t\t\t\t<\/div>\n\t\t<\/div>\n\t\t\t\t\t<\/div>\n\t\t<\/section>\n\t\t\t\t<\/div>","protected":false},"excerpt":{"rendered":"<p>Kredi Kart\u0131 (Banka Kart\u0131 \u00d6demesi)<\/p>\n<div class=\"widget_wc-donation-widget\" id=\"wc_donation_on_shortcode_6725\">\n<style>\n\t:root{\n\t\t--wc-bg-color:#333333;\n\t\t--wc-txt-color:#FFFFFF;\n\t}<\/p>\n<p>\t\t\t\t#wc_donation_on_shortcode_6725 .price-wrapper::after{\n\t\t\t\tbackground:#333333;\n\t\t\t\tcolor:#FFFFFF\t\t\t}\n\t\t\t\t\t#wc_donation_on_shortcode_6725 .wc-input-text{\n\t\t\tborder-color:#333333!important\n\t\t}<\/p>\n<p>\t\t#wc_donation_on_shortcode_6725 .checkmark{\n\t\t\tborder-color:#333333!important\n\t\t}\n\t\t#wc_donation_on_shortcode_6725 .wc-label-radio input:checked ~ .checkmark{\n\t\t\tbackground-color:#333333\t\t}\n\t\t#wc_donation_on_shortcode_6725 .wc-label-radio .checkmark:after{\n\t\t\tborder-color:#FFFFFF!important\n\t\t}\n\t\t#wc_donation_on_shortcode_6725 .wc-label-button{\n\t\t\tborder-color:#333333!important;\n\t\t\tcolor:#333333!important\n\t\t}\n\t\t#wc_donation_on_shortcode_6725 label.wc-label-button.wc-active{\n\t\t\tbackground-color:#333333!important;\n\t\t\tcolor:#FFFFFF!important\n\t\t}\n\t\t#wc_donation_on_shortcode_6725 .wc_progressBarContainer > ul > li.wc_progress div.progressbar{\n\t\t\tbackground:#333333\t\t}\n\t\t<\/style>\n<div class=\"wc-donation-in-action\" data-donation-type=\"free-value\">\n<div class=\"campaign-title\">\n<h4>K\u00fclliye Ba\u011f\u0131\u015f<\/h4>\n<\/p><\/div>\n<div class=\"block-campaign-thumbnail\">\n\t\t\t\t\t<img decoding=\"async\" width=\"160\" height=\"160\" src=\"https:\/\/devletialiyye.org.tr\/wp-content\/plugins\/donation-for-woocommerce\/assets\/images\/no-image-cart-campaign.png\" class=\"attachment-160x160 size-160x160 wp-post-image\">\n\t\t\t<\/div>\n<div class=\"in-action-elements\">\n<style>\n\t.dashicons-money-alt:before{\n\t\tfont-size:36px !important;\n\t\tpadding-bottom:20px !important;\n\t}\n<\/style>\n<div class=\"row1\">\n<h3 class=\"wc-donation-title\">\n\t\t\t\tBa\u011f\u0131\u015f Yapmak \u0130stedi\u011finiz Tutar\u0131 Giriniz\t<\/h3>\n<div class=\"price-wrapper after\" currency=\"&#8378;\">\n\t\t\t\t<input type=\"text\" data-min=\"1000\" data-max=\"10000000\" data-campaign_id=\"6725\" data-rand_id=\"186\" onkeyup=\"return NumbersOnly(this, event, true);\" class=\"grab-donation wc-input-text donate_6725_186 after\" placeholder=\"Enter amount between 1000 - 10000000\" name=\"wc-donation-price\" ><br \/>\n\t\t\t\t\n\t\t\t<\/div>\n<p>\t\t\t<input type=\"hidden\" id=\"wc-donation-price-6725_186\" class=\"donate_6725_186\" name=\"wc-donation-price\" value=\"\"><input type=\"hidden\" id=\"wc-donation-cause-6725_186\" class=\"donate_cause_6725_186\" name=\"wc-donation-cause\" value=\"\"><\/div>\n<div class=\"row2\">\n<p>\t<input type=\"hidden\" name=\"wc_donation_camp\" id=\"wc_donation_camp_6725_186\" class=\"wc_donation_camp\" value=\"6725\"><br \/>\n\t<input type=\"hidden\" name=\"wc_rand_id\" class=\"wp_rand\" value=\"186\"><br \/>\n\t<button class=\"button wc-donation-f-submit-donation\" data-min-value=\"1000\" data-max-value=\"10000000\" data-type=\"shortcode\" style=\"background-color:#333333;border-color:#333333;color:#FFFFFF;\" id='wc-donation-f-submit-donation' value='Donate'>Ba\u011f\u0131\u015f Yap<\/button>\n\t<\/div>\n<\/p><\/div>\n<\/div>\n<div style=\"clear:both;height:1px;\">&nbsp;<\/div>\n<\/div>\n<p>Havale \/ EFT \u00d6demesi<br \/>\nHesap ad\u0131: Devleti Aliyye Ocaklar\u0131<br \/>\nTR57 0001 0000 1996 9299 3250 04<br \/>\nZiraat bankas\u0131<\/p>","protected":false},"featured_media":7277,"template":"","meta":[],"product_brand":[],"product_cat":[15],"product_tag":[],"class_list":{"0":"post-6716","1":"product","2":"type-product","3":"status-publish","4":"has-post-thumbnail","6":"product_cat-genel","8":"first","9":"instock","10":"shipping-taxable","11":"product-type-simple"},"_links":{"self":[{"href":"https:\/\/devletialiyye.org.tr\/tr\/wp-json\/wp\/v2\/product\/6716","targetHints":{"allow":["GET"]}}],"collection":[{"href":"https:\/\/devletialiyye.org.tr\/tr\/wp-json\/wp\/v2\/product"}],"about":[{"href":"https:\/\/devletialiyye.org.tr\/tr\/wp-json\/wp\/v2\/types\/product"}],"version-history":[{"count":12,"href":"https:\/\/devletialiyye.org.tr\/tr\/wp-json\/wp\/v2\/product\/6716\/revisions"}],"predecessor-version":[{"id":7457,"href":"https:\/\/devletialiyye.org.tr\/tr\/wp-json\/wp\/v2\/product\/6716\/revisions\/7457"}],"wp:featuredmedia":[{"embeddable":true,"href":"https:\/\/devletialiyye.org.tr\/tr\/wp-json\/wp\/v2\/media\/7277"}],"wp:attachment":[{"href":"https:\/\/devletialiyye.org.tr\/tr\/wp-json\/wp\/v2\/media?parent=6716"}],"wp:term":[{"taxonomy":"product_brand","embeddable":true,"href":"https:\/\/devletialiyye.org.tr\/tr\/wp-json\/wp\/v2\/product_brand?post=6716"},{"taxonomy":"product_cat","embeddable":true,"href":"https:\/\/devletialiyye.org.tr\/tr\/wp-json\/wp\/v2\/product_cat?post=6716"},{"taxonomy":"product_tag","embeddable":true,"href":"https:\/\/devletialiyye.org.tr\/tr\/wp-json\/wp\/v2\/product_tag?post=6716"}],"curies":[{"name":"wp","href":"https:\/\/api.w.org\/{rel}","templated":true}]}}