{"id":7243,"date":"2025-11-04T20:39:53","date_gmt":"2025-11-04T20:39:53","guid":{"rendered":"https:\/\/devletialiyye.org.tr\/?post_type=product&#038;p=7243"},"modified":"2025-12-26T18:29:26","modified_gmt":"2025-12-26T18:29:26","slug":"gazze-acil-yardim","status":"publish","type":"product","link":"https:\/\/devletialiyye.org.tr\/tr\/urun\/gazze-acil-yardim\/","title":{"rendered":"Gazze Acil Yard\u0131m"},"content":{"rendered":"<div class=\"widget_wc-donation-widget\" id=\"wc_donation_on_shortcode_7449\"><style>\n\t:root{\n\t\t--wc-bg-color:#333333;\n\t\t--wc-txt-color:#FFFFFF;\n\t}\n\n\t\t\t\t#wc_donation_on_shortcode_7449 .price-wrapper::before{\n\t\t\t\tbackground:#333333;\n\t\t\t\tcolor:#FFFFFF\t\t\t}\n\n\t\t\t\t\t#wc_donation_on_shortcode_7449 .wc-input-text{\n\t\t\tborder-color:#333333!important\n\t\t}\n\n\t\t#wc_donation_on_shortcode_7449 .checkmark{\n\t\t\tborder-color:#333333!important\n\t\t}\n\t\t#wc_donation_on_shortcode_7449 .wc-label-radio input:checked ~ .checkmark{\n\t\t\tbackground-color:#333333\t\t}\n\t\t#wc_donation_on_shortcode_7449 .wc-label-radio .checkmark:after{\n\t\t\tborder-color:#FFFFFF!important\n\t\t}\n\t\t#wc_donation_on_shortcode_7449 .wc-label-button{\n\t\t\tborder-color:#333333!important;\n\t\t\tcolor:#333333!important\n\t\t}\n\t\t#wc_donation_on_shortcode_7449 label.wc-label-button.wc-active{\n\t\t\tbackground-color:#333333!important;\n\t\t\tcolor:#FFFFFF!important\n\t\t}\n\t\t#wc_donation_on_shortcode_7449 .wc_progressBarContainer > ul > li.wc_progress div.progressbar{\n\t\t\tbackground:#333333\t\t}\n\t\t<\/style>\n<div class=\"wc-donation-in-action\" data-donation-type=\"free-value\">\n\t<div class=\"campaign-title\">\n\t\t<h4>Gazze Acil Yard\u0131m<\/h4>\n\t<\/div>\t\n\t<div class=\"block-campaign-thumbnail\">\n\t\t\t\t\t<img decoding=\"async\" width=\"160\" height=\"160\" src=\"https:\/\/devletialiyye.org.tr\/wp-content\/uploads\/2025\/11\/WhatsApp-Gorsel-2025-11-11-saat-12.50.01_902a329c-300x300.jpg\" class=\"attachment-160x160 size-160x160 wp-post-image\" alt=\"\" srcset=\"https:\/\/devletialiyye.org.tr\/wp-content\/uploads\/2025\/11\/WhatsApp-Gorsel-2025-11-11-saat-12.50.01_902a329c-300x300.jpg 300w, https:\/\/devletialiyye.org.tr\/wp-content\/uploads\/2025\/11\/WhatsApp-Gorsel-2025-11-11-saat-12.50.01_902a329c-1024x1024.jpg 1024w, https:\/\/devletialiyye.org.tr\/wp-content\/uploads\/2025\/11\/WhatsApp-Gorsel-2025-11-11-saat-12.50.01_902a329c-150x150.jpg 150w, https:\/\/devletialiyye.org.tr\/wp-content\/uploads\/2025\/11\/WhatsApp-Gorsel-2025-11-11-saat-12.50.01_902a329c-768x768.jpg 768w, https:\/\/devletialiyye.org.tr\/wp-content\/uploads\/2025\/11\/WhatsApp-Gorsel-2025-11-11-saat-12.50.01_902a329c-1536x1536.jpg 1536w, https:\/\/devletialiyye.org.tr\/wp-content\/uploads\/2025\/11\/WhatsApp-Gorsel-2025-11-11-saat-12.50.01_902a329c-570x570.jpg 570w, https:\/\/devletialiyye.org.tr\/wp-content\/uploads\/2025\/11\/WhatsApp-Gorsel-2025-11-11-saat-12.50.01_902a329c-500x500.jpg 500w, https:\/\/devletialiyye.org.tr\/wp-content\/uploads\/2025\/11\/WhatsApp-Gorsel-2025-11-11-saat-12.50.01_902a329c-100x100.jpg 100w, https:\/\/devletialiyye.org.tr\/wp-content\/uploads\/2025\/11\/WhatsApp-Gorsel-2025-11-11-saat-12.50.01_902a329c-600x600.jpg 600w, https:\/\/devletialiyye.org.tr\/wp-content\/uploads\/2025\/11\/WhatsApp-Gorsel-2025-11-11-saat-12.50.01_902a329c.jpg 1563w\" sizes=\"(max-width: 160px) 100vw, 160px\" \/>\t\t\t<\/div>\n\t<div class=\"in-action-elements\">\n\t\t<style>\n\t.dashicons-money-alt:before{\n\t\tfont-size:36px !important;\n\t\tpadding-bottom:20px !important;\n\t}\n<\/style>\n<div class=\"row1\">\n\t<h3 class=\"wc-donation-title\">\n\t\t\t\t\t<\/h3>\n\t\t\t\t<div class=\"price-wrapper before\" currency=\"&#8378;\">\n\t\t\t\t<input type=\"text\" data-min=\"250\" data-max=\"1000000\" data-campaign_id=\"7449\" data-rand_id=\"949\" onkeyup=\"return NumbersOnly(this, event, true);\" class=\"grab-donation wc-input-text donate_7449_949 before\" placeholder=\"Enter amount between 250 - 1000000\" name=\"wc-donation-price\" >\n\t\t\t\t\n\t\t\t<\/div>\n\t\t\t<input type=\"hidden\" id=\"wc-donation-price-7449_949\" class=\"donate_7449_949\" name=\"wc-donation-price\" value=\"\"><input type=\"hidden\" id=\"wc-donation-cause-7449_949\" class=\"donate_cause_7449_949\" name=\"wc-donation-cause\" value=\"\"><\/div>\n<div class=\"row2\">\n\t\t\n\n\t<input type=\"hidden\" name=\"wc_donation_camp\" id=\"wc_donation_camp_7449_949\" class=\"wc_donation_camp\" value=\"7449\">\n\t<input type=\"hidden\" name=\"wc_rand_id\" class=\"wp_rand\" value=\"949\">\n\t<button class=\"button wc-donation-f-submit-donation\" data-min-value=\"250\" data-max-value=\"1000000\" data-type=\"shortcode\" style=\"background-color:#333333;border-color:#333333;color:#FFFFFF;\" id='wc-donation-f-submit-donation' value='Donate'>Ba\u011f\u0131\u015f Yap<\/button>\n\t<\/div>\n\t<\/div>\n<\/div>\n<div style=\"clear:both;height:1px;\">&nbsp;<\/div>\n<\/div>","protected":false},"excerpt":{"rendered":"","protected":false},"featured_media":7279,"template":"","meta":[],"product_brand":[],"product_cat":[15],"product_tag":[],"class_list":{"0":"post-7243","1":"product","2":"type-product","3":"status-publish","4":"has-post-thumbnail","6":"product_cat-genel","8":"first","9":"instock","10":"shipping-taxable","11":"product-type-simple"},"_links":{"self":[{"href":"https:\/\/devletialiyye.org.tr\/tr\/wp-json\/wp\/v2\/product\/7243","targetHints":{"allow":["GET"]}}],"collection":[{"href":"https:\/\/devletialiyye.org.tr\/tr\/wp-json\/wp\/v2\/product"}],"about":[{"href":"https:\/\/devletialiyye.org.tr\/tr\/wp-json\/wp\/v2\/types\/product"}],"version-history":[{"count":4,"href":"https:\/\/devletialiyye.org.tr\/tr\/wp-json\/wp\/v2\/product\/7243\/revisions"}],"predecessor-version":[{"id":7455,"href":"https:\/\/devletialiyye.org.tr\/tr\/wp-json\/wp\/v2\/product\/7243\/revisions\/7455"}],"wp:featuredmedia":[{"embeddable":true,"href":"https:\/\/devletialiyye.org.tr\/tr\/wp-json\/wp\/v2\/media\/7279"}],"wp:attachment":[{"href":"https:\/\/devletialiyye.org.tr\/tr\/wp-json\/wp\/v2\/media?parent=7243"}],"wp:term":[{"taxonomy":"product_brand","embeddable":true,"href":"https:\/\/devletialiyye.org.tr\/tr\/wp-json\/wp\/v2\/product_brand?post=7243"},{"taxonomy":"product_cat","embeddable":true,"href":"https:\/\/devletialiyye.org.tr\/tr\/wp-json\/wp\/v2\/product_cat?post=7243"},{"taxonomy":"product_tag","embeddable":true,"href":"https:\/\/devletialiyye.org.tr\/tr\/wp-json\/wp\/v2\/product_tag?post=7243"}],"curies":[{"name":"wp","href":"https:\/\/api.w.org\/{rel}","templated":true}]}}