{"id":7264,"date":"2025-11-11T09:45:48","date_gmt":"2025-11-11T09:45:48","guid":{"rendered":"https:\/\/devletialiyye.org.tr\/?post_type=product&#038;p=7264"},"modified":"2025-11-22T09:36:15","modified_gmt":"2025-11-22T09:36:15","slug":"10-fidan-bagisi","status":"publish","type":"product","link":"https:\/\/devletialiyye.org.tr\/tr\/urun\/10-fidan-bagisi\/","title":{"rendered":"Fidan Ba\u011f\u0131\u015f\u0131"},"content":{"rendered":"<p>Bir Canl\u0131ya Hayat Vermek: Her bir fidan, topra\u011fa can, do\u011faya nefes, insanl\u0131\u011fa bir arma\u011fand\u0131r. Bir fidan\u0131 toprakla bulu\u015fturmak, sadece a\u011fa\u00e7 dikmek de\u011fil, gelece\u011fe k\u00f6k salmakt\u0131r.<\/p>\n<p>Ecdad\u0131n Miras\u0131na Sahip \u00c7\u0131kmak: Osmanl\u0131 medeniyeti, a\u011faca, ormana, ye\u015file b\u00fcy\u00fck \u00f6nem vermi\u015f; vak\u0131f ormanlar\u0131, korular ve bah\u00e7elerle bu topraklar\u0131 mamur etmi\u015ftir. Bu mirasa sahip \u00e7\u0131kmak, her bir ferdin \u00fczerine bir vazifedir.<\/p>\n<p>Milli ve \u00c7evresel Sorumluluk: Ormanlar, bir milletin akci\u011ferleri ve en de\u011ferli hazineleridir. Ya\u015fanabilir bir d\u00fcnya ve ye\u015fil bir vatan i\u00e7in fidan ba\u011f\u0131\u015f\u0131, en anlaml\u0131 ve kal\u0131c\u0131 yat\u0131r\u0131mlardan biridir.<\/p>\n<p>S\u00fcnnet-i Seniyyeye \u0130ttiba: Peygamber Efendimiz (S.A.V.) &#8220;K\u0131yamet koparken elinizde bir fidan bulunur da onu dikmeye g\u00fcc\u00fcn\u00fcz yeterse, onu mutlaka dikin.&#8221; buyurmu\u015ftur. Bu kutlu emre uyman\u0131n en g\u00fczel yollar\u0131ndan biri de fidan ba\u011f\u0131\u015f\u0131d\u0131r.<\/p>","protected":false},"excerpt":{"rendered":"<p>Bir Canl\u0131ya Hayat Vermek: Her bir fidan, topra\u011fa can, do\u011faya nefes, insanl\u0131\u011fa bir arma\u011fand\u0131r. Bir fidan\u0131 toprakla bulu\u015fturmak, sadece a\u011fa\u00e7 dikmek de\u011fil, gelece\u011fe k\u00f6k salmakt\u0131r. Ecdad\u0131n Miras\u0131na Sahip \u00c7\u0131kmak: Osmanl\u0131 medeniyeti, a\u011faca, ormana, ye\u015file b\u00fcy\u00fck \u00f6nem vermi\u015f; vak\u0131f ormanlar\u0131, korular ve bah\u00e7elerle bu topraklar\u0131 mamur etmi\u015ftir. Bu mirasa sahip \u00e7\u0131kmak, her bir ferdin \u00fczerine bir [&hellip;]<\/p>","protected":false},"featured_media":7265,"template":"","meta":[],"product_brand":[],"product_cat":[15],"product_tag":[],"class_list":{"0":"post-7264","1":"product","2":"type-product","3":"status-publish","4":"has-post-thumbnail","6":"product_cat-genel","8":"first","9":"instock","10":"shipping-taxable","11":"purchasable","12":"product-type-simple"},"_links":{"self":[{"href":"https:\/\/devletialiyye.org.tr\/tr\/wp-json\/wp\/v2\/product\/7264","targetHints":{"allow":["GET"]}}],"collection":[{"href":"https:\/\/devletialiyye.org.tr\/tr\/wp-json\/wp\/v2\/product"}],"about":[{"href":"https:\/\/devletialiyye.org.tr\/tr\/wp-json\/wp\/v2\/types\/product"}],"version-history":[{"count":3,"href":"https:\/\/devletialiyye.org.tr\/tr\/wp-json\/wp\/v2\/product\/7264\/revisions"}],"predecessor-version":[{"id":7268,"href":"https:\/\/devletialiyye.org.tr\/tr\/wp-json\/wp\/v2\/product\/7264\/revisions\/7268"}],"wp:featuredmedia":[{"embeddable":true,"href":"https:\/\/devletialiyye.org.tr\/tr\/wp-json\/wp\/v2\/media\/7265"}],"wp:attachment":[{"href":"https:\/\/devletialiyye.org.tr\/tr\/wp-json\/wp\/v2\/media?parent=7264"}],"wp:term":[{"taxonomy":"product_brand","embeddable":true,"href":"https:\/\/devletialiyye.org.tr\/tr\/wp-json\/wp\/v2\/product_brand?post=7264"},{"taxonomy":"product_cat","embeddable":true,"href":"https:\/\/devletialiyye.org.tr\/tr\/wp-json\/wp\/v2\/product_cat?post=7264"},{"taxonomy":"product_tag","embeddable":true,"href":"https:\/\/devletialiyye.org.tr\/tr\/wp-json\/wp\/v2\/product_tag?post=7264"}],"curies":[{"name":"wp","href":"https:\/\/api.w.org\/{rel}","templated":true}]}}