{"id":7453,"date":"2025-12-26T18:27:07","date_gmt":"2025-12-26T18:27:07","guid":{"rendered":"https:\/\/devletialiyye.org.tr\/?post_type=product&#038;p=7453"},"modified":"2025-12-26T18:27:07","modified_gmt":"2025-12-26T18:27:07","slug":"kalici-bir-hayir-su-kuyusu","status":"publish","type":"product","link":"https:\/\/devletialiyye.org.tr\/tr\/urun\/kalici-bir-hayir-su-kuyusu\/","title":{"rendered":"Kal\u0131c\u0131 Bir Hay\u0131r : Su Kuyusu"},"content":{"rendered":"<div class=\"widget_wc-donation-widget\" id=\"wc_donation_on_shortcode_7451\"><style>\n\t:root{\n\t\t--wc-bg-color:#333333;\n\t\t--wc-txt-color:#FFFFFF;\n\t}\n\n\t\t\t\t#wc_donation_on_shortcode_7451 .price-wrapper::before{\n\t\t\t\tbackground:#333333;\n\t\t\t\tcolor:#FFFFFF\t\t\t}\n\n\t\t\t\t\t#wc_donation_on_shortcode_7451 .wc-input-text{\n\t\t\tborder-color:#333333!important\n\t\t}\n\n\t\t#wc_donation_on_shortcode_7451 .checkmark{\n\t\t\tborder-color:#333333!important\n\t\t}\n\t\t#wc_donation_on_shortcode_7451 .wc-label-radio input:checked ~ .checkmark{\n\t\t\tbackground-color:#333333\t\t}\n\t\t#wc_donation_on_shortcode_7451 .wc-label-radio .checkmark:after{\n\t\t\tborder-color:#FFFFFF!important\n\t\t}\n\t\t#wc_donation_on_shortcode_7451 .wc-label-button{\n\t\t\tborder-color:#333333!important;\n\t\t\tcolor:#333333!important\n\t\t}\n\t\t#wc_donation_on_shortcode_7451 label.wc-label-button.wc-active{\n\t\t\tbackground-color:#333333!important;\n\t\t\tcolor:#FFFFFF!important\n\t\t}\n\t\t#wc_donation_on_shortcode_7451 .wc_progressBarContainer > ul > li.wc_progress div.progressbar{\n\t\t\tbackground:#333333\t\t}\n\t\t<\/style>\n<div class=\"wc-donation-in-action\" data-donation-type=\"free-value\">\n\t<div class=\"campaign-title\">\n\t\t<h4>Kal\u0131c\u0131 Bir Hay\u0131r : Su Kuyusu<\/h4>\n\t<\/div>\t\n\t<div class=\"block-campaign-thumbnail\">\n\t\t\t\t\t<img decoding=\"async\" width=\"160\" height=\"160\" src=\"https:\/\/devletialiyye.org.tr\/wp-content\/uploads\/2025\/02\/111-300x300.jpg\" class=\"attachment-160x160 size-160x160 wp-post-image\" alt=\"\" srcset=\"https:\/\/devletialiyye.org.tr\/wp-content\/uploads\/2025\/02\/111-300x300.jpg 300w, https:\/\/devletialiyye.org.tr\/wp-content\/uploads\/2025\/02\/111-150x150.jpg 150w, https:\/\/devletialiyye.org.tr\/wp-content\/uploads\/2025\/02\/111-12x12.jpg 12w, https:\/\/devletialiyye.org.tr\/wp-content\/uploads\/2025\/02\/111-570x570.jpg 570w, https:\/\/devletialiyye.org.tr\/wp-content\/uploads\/2025\/02\/111-500x500.jpg 500w, https:\/\/devletialiyye.org.tr\/wp-content\/uploads\/2025\/02\/111-100x100.jpg 100w, https:\/\/devletialiyye.org.tr\/wp-content\/uploads\/2025\/02\/111-600x600.jpg 600w, https:\/\/devletialiyye.org.tr\/wp-content\/uploads\/2025\/02\/111.jpg 700w\" sizes=\"(max-width: 160px) 100vw, 160px\" \/>\t\t\t<\/div>\n\t<div class=\"in-action-elements\">\n\t\t<style>\n\t.dashicons-money-alt:before{\n\t\tfont-size:36px !important;\n\t\tpadding-bottom:20px !important;\n\t}\n<\/style>\n<div class=\"row1\">\n\t<h3 class=\"wc-donation-title\">\n\t\t\t\t\t<\/h3>\n\t\t\t\t<div class=\"price-wrapper before\" currency=\"&#8378;\">\n\t\t\t\t<input type=\"text\" data-min=\"3000\" data-max=\"250000\" data-campaign_id=\"7451\" data-rand_id=\"525\" onkeyup=\"return NumbersOnly(this, event, true);\" class=\"grab-donation wc-input-text donate_7451_525 before\" placeholder=\"Enter amount between 3000 - 250000\" name=\"wc-donation-price\" >\n\t\t\t\t\n\t\t\t<\/div>\n\t\t\t<input type=\"hidden\" id=\"wc-donation-price-7451_525\" class=\"donate_7451_525\" name=\"wc-donation-price\" value=\"\"><input type=\"hidden\" id=\"wc-donation-cause-7451_525\" class=\"donate_cause_7451_525\" name=\"wc-donation-cause\" value=\"\"><\/div>\n<div class=\"row2\">\n\t\t\n\n\t<input type=\"hidden\" name=\"wc_donation_camp\" id=\"wc_donation_camp_7451_525\" class=\"wc_donation_camp\" value=\"7451\">\n\t<input type=\"hidden\" name=\"wc_rand_id\" class=\"wp_rand\" value=\"525\">\n\t<button class=\"button wc-donation-f-submit-donation\" data-min-value=\"3000\" data-max-value=\"250000\" data-type=\"shortcode\" style=\"background-color:#333333;border-color:#333333;color:#FFFFFF;\" id='wc-donation-f-submit-donation' value='Donate'>Ba\u011f\u0131\u015f Yap<\/button>\n\t<\/div>\n\t<\/div>\n<\/div>\n<div style=\"clear:both;height:1px;\">&nbsp;<\/div>\n<\/div>","protected":false},"excerpt":{"rendered":"","protected":false},"featured_media":6974,"template":"","meta":[],"product_brand":[],"product_cat":[15],"product_tag":[],"class_list":{"0":"post-7453","1":"product","2":"type-product","3":"status-publish","4":"has-post-thumbnail","6":"product_cat-genel","8":"first","9":"instock","10":"shipping-taxable","11":"product-type-simple"},"_links":{"self":[{"href":"https:\/\/devletialiyye.org.tr\/tr\/wp-json\/wp\/v2\/product\/7453","targetHints":{"allow":["GET"]}}],"collection":[{"href":"https:\/\/devletialiyye.org.tr\/tr\/wp-json\/wp\/v2\/product"}],"about":[{"href":"https:\/\/devletialiyye.org.tr\/tr\/wp-json\/wp\/v2\/types\/product"}],"version-history":[{"count":1,"href":"https:\/\/devletialiyye.org.tr\/tr\/wp-json\/wp\/v2\/product\/7453\/revisions"}],"predecessor-version":[{"id":7454,"href":"https:\/\/devletialiyye.org.tr\/tr\/wp-json\/wp\/v2\/product\/7453\/revisions\/7454"}],"wp:featuredmedia":[{"embeddable":true,"href":"https:\/\/devletialiyye.org.tr\/tr\/wp-json\/wp\/v2\/media\/6974"}],"wp:attachment":[{"href":"https:\/\/devletialiyye.org.tr\/tr\/wp-json\/wp\/v2\/media?parent=7453"}],"wp:term":[{"taxonomy":"product_brand","embeddable":true,"href":"https:\/\/devletialiyye.org.tr\/tr\/wp-json\/wp\/v2\/product_brand?post=7453"},{"taxonomy":"product_cat","embeddable":true,"href":"https:\/\/devletialiyye.org.tr\/tr\/wp-json\/wp\/v2\/product_cat?post=7453"},{"taxonomy":"product_tag","embeddable":true,"href":"https:\/\/devletialiyye.org.tr\/tr\/wp-json\/wp\/v2\/product_tag?post=7453"}],"curies":[{"name":"wp","href":"https:\/\/api.w.org\/{rel}","templated":true}]}}